{"id":8,"date":"2019-06-18T10:51:26","date_gmt":"2019-06-18T08:51:26","guid":{"rendered":"https:\/\/metamorfica.dynu.com\/?page_id=8"},"modified":"2025-10-29T09:46:38","modified_gmt":"2025-10-29T08:46:38","slug":"sobre-mi","status":"publish","type":"page","link":"https:\/\/metamorfica.info\/index.php\/sobre-mi\/","title":{"rendered":"Sobre m\u00ed"},"content":{"rendered":"\r\n<div class=\"wp-block-image is-style-rounded\">\r\n<figure class=\"alignleft size-large\"><img loading=\"lazy\" decoding=\"async\" width=\"1024\" height=\"768\" class=\"wp-image-6152\" src=\"https:\/\/metamorfica.info\/wp-content\/uploads\/2021\/09\/FOTO-CAMPO-1024x768.jpg\" alt=\"\" srcset=\"https:\/\/metamorfica.info\/wp-content\/uploads\/2021\/09\/FOTO-CAMPO-1024x768.jpg 1024w, https:\/\/metamorfica.info\/wp-content\/uploads\/2021\/09\/FOTO-CAMPO-300x225.jpg 300w, https:\/\/metamorfica.info\/wp-content\/uploads\/2021\/09\/FOTO-CAMPO-768x576.jpg 768w, https:\/\/metamorfica.info\/wp-content\/uploads\/2021\/09\/FOTO-CAMPO.jpg 1280w\" sizes=\"auto, (max-width: 1024px) 100vw, 1024px\" \/><\/figure>\r\n<\/div>\r\n\r\n\r\n\r\n\r\n\r\n\r\n\r\n<p>&nbsp;<\/p>\r\n<p class=\"has-text-align-center\" style=\"font-size: 21px;\">\u00a1Hola! Me llamo Carolina<\/p>\r\n\r\n\r\n\r\n\r\n\r\n<p class=\"has-text-align-center\" style=\"font-size: 17px; text-align: center;\">Tras licenciarme<strong> en Ciencias Ambientales por la Universidad de Alcal\u00e1 de Henare<\/strong>s, complet\u00e9 mi especializaci\u00f3n con diferentes formaciones en Educaci\u00f3n Ambiental.<\/p>\r\n<p class=\"has-text-align-center\" style=\"font-size: 17px; text-align: center;\">Llevo <strong>m\u00e1s de 15 a\u00f1os<\/strong> gestionando, dise\u00f1ando y ejecutando actividades medioambientales y ahora, las compagino con mi labor como Agente Estatal de Medio Ambiente.<\/p>\r\n<p style=\"text-align: center;\">\u00a0<\/p>\r\n\r\n\r\n\r\n\r\n\r\n\r\n\r\n\r\n\r\n<p class=\"has-text-align-center has-text-color has-medium-font-size\" style=\"color: #66c771;\">\u00a0<\/p>\r\n\r\n\r\n\r\n<p class=\"has-text-align-center\" style=\"font-size: 17px;\"><img loading=\"lazy\" decoding=\"async\" class=\"alignnone wp-image-6765 \" style=\"width: 175px;\" src=\"https:\/\/metamorfica.info\/wp-content\/uploads\/2022\/05\/logo-sin-frase-300x300.png\" alt=\"\" width=\"300\" height=\"175\" \/><\/p>\r\n<h3 style=\"text-align: center;\"><span style=\"color: #1093c6;\"><strong>Con los a\u00f1os he podido comprobar que la educaci\u00f3n ambiental no es eficiente.<\/strong><\/span><\/h3>\r\n<p>S\u00f3lo hay que mirar el panorama clim\u00e1tico y medioambiental en el que estamos. As\u00ed que me he comprometido a poner en pr\u00e1ctica una nueva educaci\u00f3n ambiental, una que integra el <strong>cambio de creencias y patrones<\/strong> para aumentar as\u00ed la eficacia transformadora y la entrada en acci\u00f3n.<\/p>\r\n<p>La historia del ser humano es la consecuencia de <strong>nuestra relaci\u00f3n con el entorno<\/strong> y c\u00f3mo \u00e9sta ha ido cambiando en funci\u00f3n del nivel de <strong>dominaci\u00f3n<\/strong> que hemos ido adquiriendo hacia todo lo que nos resulta impredecible, peligroso e inc\u00f3modo.<\/p>\r\n<p>El <strong>control<\/strong> de nuestra especie sobre los recursos y la supervivencia nos han tra\u00eddo hasta un sistema econ\u00f3mico y productivo, que si bien nos ha aportado grandes avances y mejoras en la calidad de vida, resulta <strong>poco equitativo<\/strong> (en relaci\u00f3n a los pa\u00edses del sur global, por ejemplo) <strong>y obsoleto<\/strong> en lo concerniente a que no podemos seguir creyendo que se puede crecer infinitamente en un planeta finito. A est\u00e1s alturas de la pel\u00edcula, \u00e9ste resulta ser un pensamiento algo infantil&#8230;<\/p>\r\n<h3 style=\"text-align: center;\"><span style=\"color: #1093c6;\">Pero, \u00bfentonces en qu\u00e9 sistema nos basamos?<\/span><\/h3>\r\n<p>\u00c9sta es la gran pregunta a responder, y la que por desgracia hoy por hoy no tiene respuesta. Es algo que tenemos que <strong>transitar, encontrar, dise\u00f1ar, crear y poner en pr\u00e1ctica<\/strong>, haciendo cuantas modificaciones sean necesarias para lograr que todos los seres que habitamos este planeta tengamos las mismas oportunidades de vivir con dignidad.<\/p>\r\n<p>Me inspir\u00e9 en las <strong>rocas metam\u00f3rficas<\/strong> para crear mis actividades. Siempre me apasion\u00f3 la geolog\u00eda. Las rocas metam\u00f3rficas son aquellas que se forman cuando aumenta la presi\u00f3n y la temperatura en una zona concreta de la corteza terrestre (por una subida de magma o una falla por ejemplo). En esas condiciones los enlaces que forman los cristales de los minerales de dicha roca se rompen para a continuaci\u00f3n, con tiempo, volver a formar unos nuevos minerales, \u00e9sta vez <strong>resistentes a las nuevas condiciones<\/strong> de presi\u00f3n y temperatura.<\/p>\r\n<p><img loading=\"lazy\" decoding=\"async\" class=\"alignnone wp-image-7239 \" src=\"https:\/\/metamorfica.info\/wp-content\/uploads\/2025\/07\/Anadir-un-subtitulo_20250710_115840_0000-300x169.png\" alt=\"\" width=\"394\" height=\"222\" srcset=\"https:\/\/metamorfica.info\/wp-content\/uploads\/2025\/07\/Anadir-un-subtitulo_20250710_115840_0000-300x169.png 300w, https:\/\/metamorfica.info\/wp-content\/uploads\/2025\/07\/Anadir-un-subtitulo_20250710_115840_0000-1024x576.png 1024w, https:\/\/metamorfica.info\/wp-content\/uploads\/2025\/07\/Anadir-un-subtitulo_20250710_115840_0000-768x432.png 768w, https:\/\/metamorfica.info\/wp-content\/uploads\/2025\/07\/Anadir-un-subtitulo_20250710_115840_0000-1536x864.png 1536w, https:\/\/metamorfica.info\/wp-content\/uploads\/2025\/07\/Anadir-un-subtitulo_20250710_115840_0000.png 1920w\" sizes=\"auto, (max-width: 394px) 100vw, 394px\" \/><\/p>\r\n<p>Como las rocas metam\u00f3rficas, <strong>el ser humano<\/strong> se enfrenta a un <strong>aumento de temperaturas<\/strong> del medio en el que vive, la Tierra. Al mismo tiempo la presi\u00f3n ejercida durante a\u00f1os sobre los recursos naturales, y las ejercidas sobre las fuentes de minerales en vistas a una transici\u00f3n energ\u00e9tica (muy dif\u00edcil de llevar a cabo exitosamente si no se plantea, paralelamente, un cambio en el modelo de consumo) nos conducir\u00e1n a un <strong>aumento de presi\u00f3n<\/strong> pol\u00edtica, social, econ\u00f3mica y medioambiental.<\/p>\r\n<p>&nbsp;<\/p>\r\n<h3 style=\"text-align: center;\"><strong><span style=\"color: #7ec570;\">En mis actividades propongo romper nuestras viejas estructuras de pensamiento, creando unas nuevas que sean capaces de soportar las condiciones de un planeta que ya no volver\u00e1 a ser el mismo.<\/span><\/strong><\/h3>\r\n<p>Yo no tengo la soluci\u00f3n, ni siquiera la certeza de que podamos evitar la gran crisis ecosocial que se aviene. Pero s\u00ed tengo la<strong><span style=\"color: #7ec570;\"> ESPERANZA<\/span><\/strong> de que al menos podemos intentarlo y comprender que <strong>cada decisi\u00f3n que tomamos a diario y c\u00f3mo nos relacionamos con nosotros mismos, con nuestro entorno y con las personas que nos rodean<\/strong>, va creando y reforzando o bien las viejas estructuras, o bien colaboran a formar las nuevas que nos permitir\u00e1n construir un nuevo paradigma con un sistema de valores alineado con la vida, la equidad y el buen vivir.<\/p>\r\n<p>&nbsp;<\/p>\r\n<p><img loading=\"lazy\" decoding=\"async\" class=\"wp-image-7276 aligncenter\" src=\"https:\/\/metamorfica.info\/wp-content\/uploads\/2025\/10\/anadir-un-subtituloPROPOSITO_20251024_140004_0000.png\" alt=\"\" width=\"294\" height=\"294\" srcset=\"https:\/\/metamorfica.info\/wp-content\/uploads\/2025\/10\/anadir-un-subtituloPROPOSITO_20251024_140004_0000.png 500w, https:\/\/metamorfica.info\/wp-content\/uploads\/2025\/10\/anadir-un-subtituloPROPOSITO_20251024_140004_0000-300x300.png 300w, https:\/\/metamorfica.info\/wp-content\/uploads\/2025\/10\/anadir-un-subtituloPROPOSITO_20251024_140004_0000-150x150.png 150w, https:\/\/metamorfica.info\/wp-content\/uploads\/2025\/10\/anadir-un-subtituloPROPOSITO_20251024_140004_0000-370x370.png 370w\" sizes=\"auto, (max-width: 294px) 100vw, 294px\" \/><\/p>\r\n<p>&nbsp;<\/p>\r\n<h4><strong><span style=\"color: #1093c6;\">ALGUNOS DE LOS TEMAS TRATADOS EN MIS ACTIVIDADES SON:<\/span><span style=\"color: #b03eb6;\"><br \/><\/span><\/strong><\/h4>\r\n<ul>\r\n<li><strong>Big Data<\/strong> y c\u00f3mo usarlo para modificar las tendencias del mercado.<\/li>\r\n<li><strong>Abrazar la incertidumbre<\/strong> para tomar decisiones positivas.<\/li>\r\n<li><strong>Sentipensamiento<\/strong> como propuesta de nuevo paradigma.<\/li>\r\n<li><strong>Identificar<\/strong>\u00a0<b>el Greenwashing<\/b> (lavado verde de m\u00e1rketing que algunas empresas realizan para limpiar su mala im\u00e1gen ambiental).<\/li>\r\n<li><strong>Aprender<\/strong> a alinear nuestros Pensamientos con nuestras Emociones, Palabras y Acciones (<strong>PEPA<\/strong>)<\/li>\r\n<\/ul>\r\n<p>&nbsp;<\/p>\r\n\r\n\r\n\r\n\r\n\r\n\r\n","protected":false},"excerpt":{"rendered":"<p>&nbsp; \u00a1Hola! Me llamo Carolina Tras licenciarme en Ciencias Ambientales por la Universidad de Alcal\u00e1 de Henares, complet\u00e9 mi especializaci\u00f3n con diferentes formaciones en Educaci\u00f3n [&hellip;]<\/p>\n","protected":false},"author":1,"featured_media":0,"parent":0,"menu_order":0,"comment_status":"closed","ping_status":"closed","template":"","meta":{"_bbp_topic_count":0,"_bbp_reply_count":0,"_bbp_total_topic_count":0,"_bbp_total_reply_count":0,"_bbp_voice_count":0,"_bbp_anonymous_reply_count":0,"_bbp_topic_count_hidden":0,"_bbp_reply_count_hidden":0,"_bbp_forum_subforum_count":0,"footnotes":""},"class_list":["post-8","page","type-page","status-publish","hentry"],"yoast_head":"<!-- This site is optimized with the Yoast SEO plugin v23.9 - https:\/\/yoast.com\/wordpress\/plugins\/seo\/ -->\n<title>Sobre m\u00ed - Metam\u00f3rfica<\/title>\n<meta name=\"robots\" content=\"index, follow, max-snippet:-1, max-image-preview:large, max-video-preview:-1\" \/>\n<link rel=\"canonical\" href=\"https:\/\/metamorfica.info\/index.php\/sobre-mi\/\" \/>\n<meta property=\"og:locale\" content=\"es_ES\" \/>\n<meta property=\"og:type\" content=\"article\" \/>\n<meta property=\"og:title\" content=\"Sobre m\u00ed - Metam\u00f3rfica\" \/>\n<meta property=\"og:description\" content=\"&nbsp; \u00a1Hola! Me llamo Carolina Tras licenciarme en Ciencias Ambientales por la Universidad de Alcal\u00e1 de Henares, complet\u00e9 mi especializaci\u00f3n con diferentes formaciones en Educaci\u00f3n [&hellip;]\" \/>\n<meta property=\"og:url\" content=\"https:\/\/metamorfica.info\/index.php\/sobre-mi\/\" \/>\n<meta property=\"og:site_name\" content=\"Metam\u00f3rfica\" \/>\n<meta property=\"article:modified_time\" content=\"2025-10-29T08:46:38+00:00\" \/>\n<meta property=\"og:image\" content=\"https:\/\/metamorfica.info\/wp-content\/uploads\/2021\/09\/FOTO-CAMPO.jpg\" \/>\n\t<meta property=\"og:image:width\" content=\"1280\" \/>\n\t<meta property=\"og:image:height\" content=\"960\" \/>\n\t<meta property=\"og:image:type\" content=\"image\/jpeg\" \/>\n<meta name=\"twitter:card\" content=\"summary_large_image\" \/>\n<meta name=\"twitter:site\" content=\"@Carolinametamorfica\" \/>\n<meta name=\"twitter:label1\" content=\"Tiempo de lectura\" \/>\n\t<meta name=\"twitter:data1\" content=\"4 minutos\" \/>\n<script type=\"application\/ld+json\" class=\"yoast-schema-graph\">{\"@context\":\"https:\/\/schema.org\",\"@graph\":[{\"@type\":\"WebPage\",\"@id\":\"https:\/\/metamorfica.info\/index.php\/sobre-mi\/\",\"url\":\"https:\/\/metamorfica.info\/index.php\/sobre-mi\/\",\"name\":\"Sobre m\u00ed - Metam\u00f3rfica\",\"isPartOf\":{\"@id\":\"https:\/\/metamorfica.info\/#website\"},\"primaryImageOfPage\":{\"@id\":\"https:\/\/metamorfica.info\/index.php\/sobre-mi\/#primaryimage\"},\"image\":{\"@id\":\"https:\/\/metamorfica.info\/index.php\/sobre-mi\/#primaryimage\"},\"thumbnailUrl\":\"https:\/\/metamorfica.info\/wp-content\/uploads\/2021\/09\/FOTO-CAMPO-1024x768.jpg\",\"datePublished\":\"2019-06-18T08:51:26+00:00\",\"dateModified\":\"2025-10-29T08:46:38+00:00\",\"breadcrumb\":{\"@id\":\"https:\/\/metamorfica.info\/index.php\/sobre-mi\/#breadcrumb\"},\"inLanguage\":\"es\",\"potentialAction\":[{\"@type\":\"ReadAction\",\"target\":[\"https:\/\/metamorfica.info\/index.php\/sobre-mi\/\"]}]},{\"@type\":\"ImageObject\",\"inLanguage\":\"es\",\"@id\":\"https:\/\/metamorfica.info\/index.php\/sobre-mi\/#primaryimage\",\"url\":\"https:\/\/metamorfica.info\/wp-content\/uploads\/2021\/09\/FOTO-CAMPO.jpg\",\"contentUrl\":\"https:\/\/metamorfica.info\/wp-content\/uploads\/2021\/09\/FOTO-CAMPO.jpg\",\"width\":1280,\"height\":960},{\"@type\":\"BreadcrumbList\",\"@id\":\"https:\/\/metamorfica.info\/index.php\/sobre-mi\/#breadcrumb\",\"itemListElement\":[{\"@type\":\"ListItem\",\"position\":1,\"name\":\"Portada\",\"item\":\"https:\/\/metamorfica.info\/\"},{\"@type\":\"ListItem\",\"position\":2,\"name\":\"Sobre m\u00ed\"}]},{\"@type\":\"WebSite\",\"@id\":\"https:\/\/metamorfica.info\/#website\",\"url\":\"https:\/\/metamorfica.info\/\",\"name\":\"Metam\u00f3rfica\",\"description\":\"\u00bfSabremos adaptarnos a los cambios de nuestro planeta?\",\"publisher\":{\"@id\":\"https:\/\/metamorfica.info\/#\/schema\/person\/80b1d759d3d5c01d4073b6a361fde0d4\"},\"potentialAction\":[{\"@type\":\"SearchAction\",\"target\":{\"@type\":\"EntryPoint\",\"urlTemplate\":\"https:\/\/metamorfica.info\/?s={search_term_string}\"},\"query-input\":{\"@type\":\"PropertyValueSpecification\",\"valueRequired\":true,\"valueName\":\"search_term_string\"}}],\"inLanguage\":\"es\"},{\"@type\":[\"Person\",\"Organization\"],\"@id\":\"https:\/\/metamorfica.info\/#\/schema\/person\/80b1d759d3d5c01d4073b6a361fde0d4\",\"name\":\"Carolina\",\"image\":{\"@type\":\"ImageObject\",\"inLanguage\":\"es\",\"@id\":\"https:\/\/metamorfica.info\/#\/schema\/person\/image\/\",\"url\":\"https:\/\/metamorfica.info\/wp-content\/uploads\/2021\/03\/MetamoI\u0081rfica-Home.png\",\"contentUrl\":\"https:\/\/metamorfica.info\/wp-content\/uploads\/2021\/03\/MetamoI\u0081rfica-Home.png\",\"width\":1064,\"height\":454,\"caption\":\"Carolina\"},\"logo\":{\"@id\":\"https:\/\/metamorfica.info\/#\/schema\/person\/image\/\"},\"description\":\"Educadora ambiental que descubri\u00f3 que ning\u00fan cambio es perdurable si no se inicia desde la coherencia entre pensamiento-palabra-emoci\u00f3n-accion.\",\"sameAs\":[\"http:\/\/www.metamorfica.info\",\"https:\/\/x.com\/Carolinametamorfica\"]}]}<\/script>\n<!-- \/ Yoast SEO plugin. -->","yoast_head_json":{"title":"Sobre m\u00ed - Metam\u00f3rfica","robots":{"index":"index","follow":"follow","max-snippet":"max-snippet:-1","max-image-preview":"max-image-preview:large","max-video-preview":"max-video-preview:-1"},"canonical":"https:\/\/metamorfica.info\/index.php\/sobre-mi\/","og_locale":"es_ES","og_type":"article","og_title":"Sobre m\u00ed - Metam\u00f3rfica","og_description":"&nbsp; \u00a1Hola! Me llamo Carolina Tras licenciarme en Ciencias Ambientales por la Universidad de Alcal\u00e1 de Henares, complet\u00e9 mi especializaci\u00f3n con diferentes formaciones en Educaci\u00f3n [&hellip;]","og_url":"https:\/\/metamorfica.info\/index.php\/sobre-mi\/","og_site_name":"Metam\u00f3rfica","article_modified_time":"2025-10-29T08:46:38+00:00","og_image":[{"width":1280,"height":960,"url":"https:\/\/metamorfica.info\/wp-content\/uploads\/2021\/09\/FOTO-CAMPO.jpg","type":"image\/jpeg"}],"twitter_card":"summary_large_image","twitter_site":"@Carolinametamorfica","twitter_misc":{"Tiempo de lectura":"4 minutos"},"schema":{"@context":"https:\/\/schema.org","@graph":[{"@type":"WebPage","@id":"https:\/\/metamorfica.info\/index.php\/sobre-mi\/","url":"https:\/\/metamorfica.info\/index.php\/sobre-mi\/","name":"Sobre m\u00ed - Metam\u00f3rfica","isPartOf":{"@id":"https:\/\/metamorfica.info\/#website"},"primaryImageOfPage":{"@id":"https:\/\/metamorfica.info\/index.php\/sobre-mi\/#primaryimage"},"image":{"@id":"https:\/\/metamorfica.info\/index.php\/sobre-mi\/#primaryimage"},"thumbnailUrl":"https:\/\/metamorfica.info\/wp-content\/uploads\/2021\/09\/FOTO-CAMPO-1024x768.jpg","datePublished":"2019-06-18T08:51:26+00:00","dateModified":"2025-10-29T08:46:38+00:00","breadcrumb":{"@id":"https:\/\/metamorfica.info\/index.php\/sobre-mi\/#breadcrumb"},"inLanguage":"es","potentialAction":[{"@type":"ReadAction","target":["https:\/\/metamorfica.info\/index.php\/sobre-mi\/"]}]},{"@type":"ImageObject","inLanguage":"es","@id":"https:\/\/metamorfica.info\/index.php\/sobre-mi\/#primaryimage","url":"https:\/\/metamorfica.info\/wp-content\/uploads\/2021\/09\/FOTO-CAMPO.jpg","contentUrl":"https:\/\/metamorfica.info\/wp-content\/uploads\/2021\/09\/FOTO-CAMPO.jpg","width":1280,"height":960},{"@type":"BreadcrumbList","@id":"https:\/\/metamorfica.info\/index.php\/sobre-mi\/#breadcrumb","itemListElement":[{"@type":"ListItem","position":1,"name":"Portada","item":"https:\/\/metamorfica.info\/"},{"@type":"ListItem","position":2,"name":"Sobre m\u00ed"}]},{"@type":"WebSite","@id":"https:\/\/metamorfica.info\/#website","url":"https:\/\/metamorfica.info\/","name":"Metam\u00f3rfica","description":"\u00bfSabremos adaptarnos a los cambios de nuestro planeta?","publisher":{"@id":"https:\/\/metamorfica.info\/#\/schema\/person\/80b1d759d3d5c01d4073b6a361fde0d4"},"potentialAction":[{"@type":"SearchAction","target":{"@type":"EntryPoint","urlTemplate":"https:\/\/metamorfica.info\/?s={search_term_string}"},"query-input":{"@type":"PropertyValueSpecification","valueRequired":true,"valueName":"search_term_string"}}],"inLanguage":"es"},{"@type":["Person","Organization"],"@id":"https:\/\/metamorfica.info\/#\/schema\/person\/80b1d759d3d5c01d4073b6a361fde0d4","name":"Carolina","image":{"@type":"ImageObject","inLanguage":"es","@id":"https:\/\/metamorfica.info\/#\/schema\/person\/image\/","url":"https:\/\/metamorfica.info\/wp-content\/uploads\/2021\/03\/MetamoI\u0081rfica-Home.png","contentUrl":"https:\/\/metamorfica.info\/wp-content\/uploads\/2021\/03\/MetamoI\u0081rfica-Home.png","width":1064,"height":454,"caption":"Carolina"},"logo":{"@id":"https:\/\/metamorfica.info\/#\/schema\/person\/image\/"},"description":"Educadora ambiental que descubri\u00f3 que ning\u00fan cambio es perdurable si no se inicia desde la coherencia entre pensamiento-palabra-emoci\u00f3n-accion.","sameAs":["http:\/\/www.metamorfica.info","https:\/\/x.com\/Carolinametamorfica"]}]}},"_links":{"self":[{"href":"https:\/\/metamorfica.info\/index.php\/wp-json\/wp\/v2\/pages\/8","targetHints":{"allow":["GET"]}}],"collection":[{"href":"https:\/\/metamorfica.info\/index.php\/wp-json\/wp\/v2\/pages"}],"about":[{"href":"https:\/\/metamorfica.info\/index.php\/wp-json\/wp\/v2\/types\/page"}],"author":[{"embeddable":true,"href":"https:\/\/metamorfica.info\/index.php\/wp-json\/wp\/v2\/users\/1"}],"replies":[{"embeddable":true,"href":"https:\/\/metamorfica.info\/index.php\/wp-json\/wp\/v2\/comments?post=8"}],"version-history":[{"count":204,"href":"https:\/\/metamorfica.info\/index.php\/wp-json\/wp\/v2\/pages\/8\/revisions"}],"predecessor-version":[{"id":7277,"href":"https:\/\/metamorfica.info\/index.php\/wp-json\/wp\/v2\/pages\/8\/revisions\/7277"}],"wp:attachment":[{"href":"https:\/\/metamorfica.info\/index.php\/wp-json\/wp\/v2\/media?parent=8"}],"curies":[{"name":"wp","href":"https:\/\/api.w.org\/{rel}","templated":true}]}}