{"id":7333,"date":"2026-03-08T11:18:28","date_gmt":"2026-03-08T10:18:28","guid":{"rendered":"https:\/\/metamorfica.info\/?page_id=7333"},"modified":"2026-04-25T18:15:33","modified_gmt":"2026-04-25T16:15:33","slug":"preguntale-a-pepa","status":"publish","type":"page","link":"https:\/\/metamorfica.info\/index.php\/preguntale-a-pepa\/","title":{"rendered":"Si ya tienes tu juego de avellanas&#8230; \u00a1Enhorabuena!"},"content":{"rendered":"<h3 style=\"text-align: center;\"><span style=\"color: #72e8e8;\">DESCARGA LAS RESPUESTAS <\/span><\/h3>\n<h3 style=\"text-align: center; padding-left: 40px;\"><span style=\"color: #72e8e8;\"><a href=\"https:\/\/metamorfica.info\/wp-content\/uploads\/2026\/04\/PDF-Respuestas-AVELLANAS-PEPA_20260415_094608_0000.pdf\">AQU\u00cd<\/a> <\/span><\/h3>\n<h3 style=\"text-align: center;\"><\/h3>\n<p><img loading=\"lazy\" decoding=\"async\" class=\"size-medium wp-image-7424 aligncenter\" src=\"https:\/\/metamorfica.info\/wp-content\/uploads\/2026\/04\/20260420_140114-scaled-e1776698456450-300x225.jpg\" alt=\"\" width=\"300\" height=\"225\" srcset=\"https:\/\/metamorfica.info\/wp-content\/uploads\/2026\/04\/20260420_140114-scaled-e1776698456450-300x225.jpg 300w, https:\/\/metamorfica.info\/wp-content\/uploads\/2026\/04\/20260420_140114-scaled-e1776698456450-1024x768.jpg 1024w, https:\/\/metamorfica.info\/wp-content\/uploads\/2026\/04\/20260420_140114-scaled-e1776698456450-768x576.jpg 768w, https:\/\/metamorfica.info\/wp-content\/uploads\/2026\/04\/20260420_140114-scaled-e1776698456450-1536x1152.jpg 1536w, https:\/\/metamorfica.info\/wp-content\/uploads\/2026\/04\/20260420_140114-scaled-e1776698456450-2048x1536.jpg 2048w\" sizes=\"auto, (max-width: 300px) 100vw, 300px\" \/><\/p>\n<h3 style=\"text-align: center;\"><strong>\u00bfQU\u00c9 ES ESTE JUEGO?<\/strong><\/h3>\n<p style=\"text-align: center;\"><em>(Nota: Escribo en femenino gen\u00e9rico porque me refiero a \u00ablas personas\u00bb)<\/em><\/p>\n<p>Cuando nos sentimos mal o en la indecisi\u00f3n, necesitamos encontrar respuestas. Intentamos predecir lo que es m\u00e1s probable que ocurra en una situaci\u00f3n. La incertidumbre nos domina, nos genera inseguridad y nos puede llevar tanto a <span style=\"color: #33cccc;\"><strong>decisiones precipitadas como a quedarnos paralizadas por el miedo o la duda.<\/strong><\/span><\/p>\n<p>Poder tomar decisiones alineando nuestras PALABRAS, EMOCIONES, PENSAMIENTOS Y ACCIONES nos permite tomar decisiones realmente satisfactorias, estableciendo un <span style=\"color: #33cccc;\"><strong>puente entre las emociones y la raz\u00f3n <\/strong><span style=\"color: #000000;\">(como tantas veces propuso Jane Goodall).<\/span><\/span><\/p>\n<p>Una parte importante del problema ecosocial en el que nos encontramos viene de nuestra forma de relacionarnos con nosotras mismas y con el entorno. <span style=\"color: #33cccc;\"><strong>Tratamos de llenar constantemente un vac\u00edo que tenemos dentro<\/strong><\/span> y lo hacemos con comida, objetos, ocio, con plataformas de contenido, redes sociales&#8230; Pero, lejos de sentirnos mejor, el vac\u00edo s\u00f3lo crece.<\/p>\n<p>Con \u00e9ste juego te propongo pararte antes de tomar una decisi\u00f3n y alinear tu PEPA interna. Est\u00e1 pensado para<span style=\"color: #33cccc;\"> <strong>tomar decisiones que realmente resuelvan tu situaci\u00f3n<\/strong><\/span>, no que la tapen o la diluyan moment\u00e1neamente.<\/p>\n<p>Tomando decisiones alineadas a nuestra coherencia interna conseguimos bajar el nivel de ansiedad, nos tratamos mejor, y por ende,<span style=\"color: #33cccc;\"> <strong>tratamos mejor al entorno que nos rodea.<\/strong><\/span><\/p>\n<p>Directamente esto est\u00e1 relacionado con una <strong><span style=\"color: #33cccc;\">menor necesidad de consumir productos con inmediatez.<\/span><\/strong> Productos que habitualmente no son beneficiosos para nuestra salud ni para la de los ecosistemas y personas que son explotados de forma normalizada para elaborarlos.<\/p>\n<p>En definitiva, nos alejamos de la sociedad de consumo y sus insatisfacciones y nos acercamos al <span style=\"color: #33cccc;\"><strong>BUEN VIVIR<\/strong><\/span>. Donde lo que importa no es tanto lo que tienes sino c\u00f3mo te relacionas con las cosas, contigo, con las personas que te rodean y con el entorno.<\/p>\n<p>&nbsp;<\/p>\n<h4 style=\"text-align: center;\">\u00abNO SE TRATA DE DEJAR DE CONSUMIR, SINO DE HACERLO EN MENOR MEDIDA, PERO MEJOR.\u00bb WILLIAM MORRIS<\/h4>\n<p><span style=\"color: #33cccc;\"><strong>\u00a0<\/strong><\/span><\/p>\n<h3 style=\"text-align: center;\"><span style=\"color: #33cccc;\">\u00bfC\u00d3MO ME HAGO CON ESTE JUEGO?<\/span><\/h3>\n<p>&nbsp;<\/p>\n<p>El juego es muy sencillo, consta de <span style=\"color: #33cccc;\"><strong>34 avellanas naturales pirograbadas con n\u00fameros<\/strong><\/span>. Cada n\u00famero se corresponde con reflexiones y propuestas que te proponen ver desde una perspectiva diferente tu preocupaci\u00f3n o problema. Las avellanas se dividen en cuatro grupos que te permiten alinear tu PEPA interna (Pensamientos, Emociones, Palabras y Acciones) junto con momentos naturales clave, anclados en el inconsciente colectivo (solsticios, equinoccios y otras fiestas solares). La sistem\u00e1tica del juego es parecido al de las \u00abrunas\u00bb, salvo que \u00e9ste juego no tiene aspectos predictivos, sino reflexivos y de empoderamiento. Te acompa\u00f1an para que puedas romper con lo que ya no quieres y puedas ver nuevos caminos hacia situaciones que te hacen sentir mejor.<\/p>\n<p><span style=\"color: #33cccc;\"><strong>P<\/strong><\/span><span style=\"color: #33cccc;\"><strong>uedes ponerte en contacto conmigo y te lo hago llega<span style=\"color: #33cccc;\">r<\/span><\/strong>,<\/span> <span style=\"color: #33cccc;\"><strong>o participar en alguno de los talleres que ofrezco<\/strong><\/span> donde profundizamos sobre \u00e9sta forma de tomar decisiones y de cambiar nuestro futuro hacia lo que realmente deseamos y no hacia lo que se nos gu\u00eda a desear (m\u00e1rketing, greenwashing, macroempresas de renovables, etc).<\/p>\n<p>&nbsp;<\/p>\n<h3><\/h3>\n<p>Tambi\u00e9n tienes la opci\u00f3n de <a href=\"https:\/\/metamorfica.info\/wp-content\/uploads\/2026\/04\/PDF-Respuestas-AVELLANAS-PEPA_20260415_094608_0000.pdf\"><strong><span style=\"color: #33cccc;\">descargarte AQU\u00cd el pdf, gratis y sin registros, <\/span><\/strong><\/a>y hacerte de forma casera tu propio juego de avellanas (o piedras, o cartas o lo que tu quieras).<\/p>\n<p>&nbsp;<\/p>\n<h4 style=\"text-align: center;\">CUANTAS M\u00c1S SEAMOS, ANTES VEREMOS LOS CAMBIOS QUE NOS LLEVAR\u00c1N A UN POST-CAPITALISMO QUE PONGA LA VIDA EN EL CENTRO<\/h4>\n<p style=\"text-align: center;\">\n","protected":false},"excerpt":{"rendered":"<p>DESCARGA LAS RESPUESTAS AQU\u00cd \u00bfQU\u00c9 ES ESTE JUEGO? (Nota: Escribo en femenino gen\u00e9rico porque me refiero a \u00ablas personas\u00bb) Cuando nos sentimos mal o en [&hellip;]<\/p>\n","protected":false},"author":1,"featured_media":0,"parent":0,"menu_order":0,"comment_status":"closed","ping_status":"closed","template":"","meta":{"_bbp_topic_count":0,"_bbp_reply_count":0,"_bbp_total_topic_count":0,"_bbp_total_reply_count":0,"_bbp_voice_count":0,"_bbp_anonymous_reply_count":0,"_bbp_topic_count_hidden":0,"_bbp_reply_count_hidden":0,"_bbp_forum_subforum_count":0,"footnotes":""},"class_list":["post-7333","page","type-page","status-publish","hentry"],"yoast_head":"<!-- This site is optimized with the Yoast SEO plugin v23.9 - https:\/\/yoast.com\/wordpress\/plugins\/seo\/ -->\n<title>Si ya tienes tu juego de avellanas... \u00a1Enhorabuena! - Metam\u00f3rfica<\/title>\n<meta name=\"robots\" content=\"index, follow, max-snippet:-1, max-image-preview:large, max-video-preview:-1\" \/>\n<link rel=\"canonical\" href=\"https:\/\/metamorfica.info\/index.php\/preguntale-a-pepa\/\" \/>\n<meta property=\"og:locale\" content=\"es_ES\" \/>\n<meta property=\"og:type\" content=\"article\" \/>\n<meta property=\"og:title\" content=\"Si ya tienes tu juego de avellanas... \u00a1Enhorabuena! - Metam\u00f3rfica\" \/>\n<meta property=\"og:description\" content=\"DESCARGA LAS RESPUESTAS AQU\u00cd \u00bfQU\u00c9 ES ESTE JUEGO? (Nota: Escribo en femenino gen\u00e9rico porque me refiero a \u00ablas personas\u00bb) Cuando nos sentimos mal o en [&hellip;]\" \/>\n<meta property=\"og:url\" content=\"https:\/\/metamorfica.info\/index.php\/preguntale-a-pepa\/\" \/>\n<meta property=\"og:site_name\" content=\"Metam\u00f3rfica\" \/>\n<meta property=\"article:modified_time\" content=\"2026-04-25T16:15:33+00:00\" \/>\n<meta property=\"og:image\" content=\"https:\/\/metamorfica.info\/wp-content\/uploads\/2026\/04\/20260420_140114-scaled-e1776698456450.jpg\" \/>\n\t<meta property=\"og:image:width\" content=\"2560\" \/>\n\t<meta property=\"og:image:height\" content=\"1920\" \/>\n\t<meta property=\"og:image:type\" content=\"image\/jpeg\" \/>\n<meta name=\"twitter:card\" content=\"summary_large_image\" \/>\n<meta name=\"twitter:site\" content=\"@Carolinametamorfica\" \/>\n<meta name=\"twitter:label1\" content=\"Tiempo de lectura\" \/>\n\t<meta name=\"twitter:data1\" content=\"3 minutos\" \/>\n<script type=\"application\/ld+json\" class=\"yoast-schema-graph\">{\"@context\":\"https:\/\/schema.org\",\"@graph\":[{\"@type\":\"WebPage\",\"@id\":\"https:\/\/metamorfica.info\/index.php\/preguntale-a-pepa\/\",\"url\":\"https:\/\/metamorfica.info\/index.php\/preguntale-a-pepa\/\",\"name\":\"Si ya tienes tu juego de avellanas... \u00a1Enhorabuena! - Metam\u00f3rfica\",\"isPartOf\":{\"@id\":\"https:\/\/metamorfica.info\/#website\"},\"primaryImageOfPage\":{\"@id\":\"https:\/\/metamorfica.info\/index.php\/preguntale-a-pepa\/#primaryimage\"},\"image\":{\"@id\":\"https:\/\/metamorfica.info\/index.php\/preguntale-a-pepa\/#primaryimage\"},\"thumbnailUrl\":\"https:\/\/metamorfica.info\/wp-content\/uploads\/2026\/04\/20260420_140114-scaled-e1776698456450-300x225.jpg\",\"datePublished\":\"2026-03-08T10:18:28+00:00\",\"dateModified\":\"2026-04-25T16:15:33+00:00\",\"breadcrumb\":{\"@id\":\"https:\/\/metamorfica.info\/index.php\/preguntale-a-pepa\/#breadcrumb\"},\"inLanguage\":\"es\",\"potentialAction\":[{\"@type\":\"ReadAction\",\"target\":[\"https:\/\/metamorfica.info\/index.php\/preguntale-a-pepa\/\"]}]},{\"@type\":\"ImageObject\",\"inLanguage\":\"es\",\"@id\":\"https:\/\/metamorfica.info\/index.php\/preguntale-a-pepa\/#primaryimage\",\"url\":\"https:\/\/metamorfica.info\/wp-content\/uploads\/2026\/04\/20260420_140114-scaled-e1776698456450.jpg\",\"contentUrl\":\"https:\/\/metamorfica.info\/wp-content\/uploads\/2026\/04\/20260420_140114-scaled-e1776698456450.jpg\",\"width\":2560,\"height\":1920},{\"@type\":\"BreadcrumbList\",\"@id\":\"https:\/\/metamorfica.info\/index.php\/preguntale-a-pepa\/#breadcrumb\",\"itemListElement\":[{\"@type\":\"ListItem\",\"position\":1,\"name\":\"Portada\",\"item\":\"https:\/\/metamorfica.info\/\"},{\"@type\":\"ListItem\",\"position\":2,\"name\":\"Si ya tienes tu juego de avellanas&#8230; \u00a1Enhorabuena!\"}]},{\"@type\":\"WebSite\",\"@id\":\"https:\/\/metamorfica.info\/#website\",\"url\":\"https:\/\/metamorfica.info\/\",\"name\":\"Metam\u00f3rfica\",\"description\":\"\u00bfSabremos adaptarnos a los cambios de nuestro planeta?\",\"publisher\":{\"@id\":\"https:\/\/metamorfica.info\/#\/schema\/person\/80b1d759d3d5c01d4073b6a361fde0d4\"},\"potentialAction\":[{\"@type\":\"SearchAction\",\"target\":{\"@type\":\"EntryPoint\",\"urlTemplate\":\"https:\/\/metamorfica.info\/?s={search_term_string}\"},\"query-input\":{\"@type\":\"PropertyValueSpecification\",\"valueRequired\":true,\"valueName\":\"search_term_string\"}}],\"inLanguage\":\"es\"},{\"@type\":[\"Person\",\"Organization\"],\"@id\":\"https:\/\/metamorfica.info\/#\/schema\/person\/80b1d759d3d5c01d4073b6a361fde0d4\",\"name\":\"Carolina\",\"image\":{\"@type\":\"ImageObject\",\"inLanguage\":\"es\",\"@id\":\"https:\/\/metamorfica.info\/#\/schema\/person\/image\/\",\"url\":\"https:\/\/metamorfica.info\/wp-content\/uploads\/2021\/03\/MetamoI\u0081rfica-Home.png\",\"contentUrl\":\"https:\/\/metamorfica.info\/wp-content\/uploads\/2021\/03\/MetamoI\u0081rfica-Home.png\",\"width\":1064,\"height\":454,\"caption\":\"Carolina\"},\"logo\":{\"@id\":\"https:\/\/metamorfica.info\/#\/schema\/person\/image\/\"},\"description\":\"Educadora ambiental que descubri\u00f3 que ning\u00fan cambio es perdurable si no se inicia desde la coherencia entre pensamiento-palabra-emoci\u00f3n-accion.\",\"sameAs\":[\"http:\/\/www.metamorfica.info\",\"https:\/\/x.com\/Carolinametamorfica\"]}]}<\/script>\n<!-- \/ Yoast SEO plugin. -->","yoast_head_json":{"title":"Si ya tienes tu juego de avellanas... \u00a1Enhorabuena! - Metam\u00f3rfica","robots":{"index":"index","follow":"follow","max-snippet":"max-snippet:-1","max-image-preview":"max-image-preview:large","max-video-preview":"max-video-preview:-1"},"canonical":"https:\/\/metamorfica.info\/index.php\/preguntale-a-pepa\/","og_locale":"es_ES","og_type":"article","og_title":"Si ya tienes tu juego de avellanas... \u00a1Enhorabuena! - Metam\u00f3rfica","og_description":"DESCARGA LAS RESPUESTAS AQU\u00cd \u00bfQU\u00c9 ES ESTE JUEGO? (Nota: Escribo en femenino gen\u00e9rico porque me refiero a \u00ablas personas\u00bb) Cuando nos sentimos mal o en [&hellip;]","og_url":"https:\/\/metamorfica.info\/index.php\/preguntale-a-pepa\/","og_site_name":"Metam\u00f3rfica","article_modified_time":"2026-04-25T16:15:33+00:00","og_image":[{"width":2560,"height":1920,"url":"https:\/\/metamorfica.info\/wp-content\/uploads\/2026\/04\/20260420_140114-scaled-e1776698456450.jpg","type":"image\/jpeg"}],"twitter_card":"summary_large_image","twitter_site":"@Carolinametamorfica","twitter_misc":{"Tiempo de lectura":"3 minutos"},"schema":{"@context":"https:\/\/schema.org","@graph":[{"@type":"WebPage","@id":"https:\/\/metamorfica.info\/index.php\/preguntale-a-pepa\/","url":"https:\/\/metamorfica.info\/index.php\/preguntale-a-pepa\/","name":"Si ya tienes tu juego de avellanas... \u00a1Enhorabuena! - Metam\u00f3rfica","isPartOf":{"@id":"https:\/\/metamorfica.info\/#website"},"primaryImageOfPage":{"@id":"https:\/\/metamorfica.info\/index.php\/preguntale-a-pepa\/#primaryimage"},"image":{"@id":"https:\/\/metamorfica.info\/index.php\/preguntale-a-pepa\/#primaryimage"},"thumbnailUrl":"https:\/\/metamorfica.info\/wp-content\/uploads\/2026\/04\/20260420_140114-scaled-e1776698456450-300x225.jpg","datePublished":"2026-03-08T10:18:28+00:00","dateModified":"2026-04-25T16:15:33+00:00","breadcrumb":{"@id":"https:\/\/metamorfica.info\/index.php\/preguntale-a-pepa\/#breadcrumb"},"inLanguage":"es","potentialAction":[{"@type":"ReadAction","target":["https:\/\/metamorfica.info\/index.php\/preguntale-a-pepa\/"]}]},{"@type":"ImageObject","inLanguage":"es","@id":"https:\/\/metamorfica.info\/index.php\/preguntale-a-pepa\/#primaryimage","url":"https:\/\/metamorfica.info\/wp-content\/uploads\/2026\/04\/20260420_140114-scaled-e1776698456450.jpg","contentUrl":"https:\/\/metamorfica.info\/wp-content\/uploads\/2026\/04\/20260420_140114-scaled-e1776698456450.jpg","width":2560,"height":1920},{"@type":"BreadcrumbList","@id":"https:\/\/metamorfica.info\/index.php\/preguntale-a-pepa\/#breadcrumb","itemListElement":[{"@type":"ListItem","position":1,"name":"Portada","item":"https:\/\/metamorfica.info\/"},{"@type":"ListItem","position":2,"name":"Si ya tienes tu juego de avellanas&#8230; \u00a1Enhorabuena!"}]},{"@type":"WebSite","@id":"https:\/\/metamorfica.info\/#website","url":"https:\/\/metamorfica.info\/","name":"Metam\u00f3rfica","description":"\u00bfSabremos adaptarnos a los cambios de nuestro planeta?","publisher":{"@id":"https:\/\/metamorfica.info\/#\/schema\/person\/80b1d759d3d5c01d4073b6a361fde0d4"},"potentialAction":[{"@type":"SearchAction","target":{"@type":"EntryPoint","urlTemplate":"https:\/\/metamorfica.info\/?s={search_term_string}"},"query-input":{"@type":"PropertyValueSpecification","valueRequired":true,"valueName":"search_term_string"}}],"inLanguage":"es"},{"@type":["Person","Organization"],"@id":"https:\/\/metamorfica.info\/#\/schema\/person\/80b1d759d3d5c01d4073b6a361fde0d4","name":"Carolina","image":{"@type":"ImageObject","inLanguage":"es","@id":"https:\/\/metamorfica.info\/#\/schema\/person\/image\/","url":"https:\/\/metamorfica.info\/wp-content\/uploads\/2021\/03\/MetamoI\u0081rfica-Home.png","contentUrl":"https:\/\/metamorfica.info\/wp-content\/uploads\/2021\/03\/MetamoI\u0081rfica-Home.png","width":1064,"height":454,"caption":"Carolina"},"logo":{"@id":"https:\/\/metamorfica.info\/#\/schema\/person\/image\/"},"description":"Educadora ambiental que descubri\u00f3 que ning\u00fan cambio es perdurable si no se inicia desde la coherencia entre pensamiento-palabra-emoci\u00f3n-accion.","sameAs":["http:\/\/www.metamorfica.info","https:\/\/x.com\/Carolinametamorfica"]}]}},"_links":{"self":[{"href":"https:\/\/metamorfica.info\/index.php\/wp-json\/wp\/v2\/pages\/7333","targetHints":{"allow":["GET"]}}],"collection":[{"href":"https:\/\/metamorfica.info\/index.php\/wp-json\/wp\/v2\/pages"}],"about":[{"href":"https:\/\/metamorfica.info\/index.php\/wp-json\/wp\/v2\/types\/page"}],"author":[{"embeddable":true,"href":"https:\/\/metamorfica.info\/index.php\/wp-json\/wp\/v2\/users\/1"}],"replies":[{"embeddable":true,"href":"https:\/\/metamorfica.info\/index.php\/wp-json\/wp\/v2\/comments?post=7333"}],"version-history":[{"count":52,"href":"https:\/\/metamorfica.info\/index.php\/wp-json\/wp\/v2\/pages\/7333\/revisions"}],"predecessor-version":[{"id":7434,"href":"https:\/\/metamorfica.info\/index.php\/wp-json\/wp\/v2\/pages\/7333\/revisions\/7434"}],"wp:attachment":[{"href":"https:\/\/metamorfica.info\/index.php\/wp-json\/wp\/v2\/media?parent=7333"}],"curies":[{"name":"wp","href":"https:\/\/api.w.org\/{rel}","templated":true}]}}