{"id":7076,"date":"2025-01-20T13:55:14","date_gmt":"2025-01-20T12:55:14","guid":{"rendered":"https:\/\/metamorfica.info\/?page_id=7076"},"modified":"2026-02-03T21:35:46","modified_gmt":"2026-02-03T20:35:46","slug":"hackers-climatics","status":"publish","type":"page","link":"https:\/\/metamorfica.info\/index.php\/hackers-climatics\/","title":{"rendered":"Ay\u00fadales a transformar la REBELD\u00cdA en ACCI\u00d3N"},"content":{"rendered":"<p><img loading=\"lazy\" decoding=\"async\" class=\"wp-image-7214 aligncenter\" src=\"https:\/\/metamorfica.info\/wp-content\/uploads\/2024\/07\/Documento-A4-Portada-Cambio-Climatico-Ilustrado-Azul_20250708_125837_0000-212x300.png\" alt=\"\" width=\"276\" height=\"391\" srcset=\"https:\/\/metamorfica.info\/wp-content\/uploads\/2024\/07\/Documento-A4-Portada-Cambio-Climatico-Ilustrado-Azul_20250708_125837_0000-212x300.png 212w, https:\/\/metamorfica.info\/wp-content\/uploads\/2024\/07\/Documento-A4-Portada-Cambio-Climatico-Ilustrado-Azul_20250708_125837_0000-724x1024.png 724w, https:\/\/metamorfica.info\/wp-content\/uploads\/2024\/07\/Documento-A4-Portada-Cambio-Climatico-Ilustrado-Azul_20250708_125837_0000-768x1086.png 768w, https:\/\/metamorfica.info\/wp-content\/uploads\/2024\/07\/Documento-A4-Portada-Cambio-Climatico-Ilustrado-Azul_20250708_125837_0000-1086x1536.png 1086w, https:\/\/metamorfica.info\/wp-content\/uploads\/2024\/07\/Documento-A4-Portada-Cambio-Climatico-Ilustrado-Azul_20250708_125837_0000.png 1414w\" sizes=\"auto, (max-width: 276px) 100vw, 276px\" \/><\/p>\n<p>&nbsp;<\/p>\n<h3 style=\"text-align: center;\"><span style=\"color: #000000;\"><strong>\u00bfPOR QU\u00c9 OFRECER A TUS ESTUDIANTES ESTA ACTIVIDAD?<\/strong><\/span><\/h3>\n<p>Como dice Sera Huertas (t\u00e9cnico de educaci\u00f3n ambiental en el Centre d\u2019Educaci\u00f3 Ambiental de la Comunitat Valenciana); hemos de ayudar a recordar a las nuevas generaciones que somos <span style=\"color: #000000;\"><strong>ECODEPENDIENTES e INTERDEPENDIENTES.<\/strong><\/span><\/p>\n<p>Es muy habitual que en estas generaciones encontremos \u00bb una cierta incapacidad de imaginar futuros mejores que el presente en el que viven. Esto resulta tremendamente peligroso porque <strong>cuando alguien no es capaz de imaginar que lo que viene por delante es mucho mejor que lo que tiene ahora, lo que va a hacer es aferrarse a lo que hay y no va a luchar por transformar ese presente\u00bb.<\/strong><\/p>\n<p>De esta manera, ser carne de ca\u00f1\u00f3n de bulos y negacionismos es algo casi inevitable, lo que perpet\u00faa a\u00fan m\u00e1s esa inacci\u00f3n.<\/p>\n<p>&nbsp;<\/p>\n<h3 style=\"text-align: center;\"><span style=\"color: #000000;\"><strong>\u00bfC\u00d3MO ACTIVAR LA CAPACIDAD DE ACCI\u00d3N DEL ALUMNADO?<\/strong><\/span><\/h3>\n<h4 style=\"text-align: center;\">Aprovechando su REBELD\u00cdA natural, con una de sus emociones habituales: <span style=\"color: #000000;\"><strong>LA RABIA.<\/strong><\/span><\/h4>\n<p>Vista como una emoci\u00f3n \u00abnegativa\u00bb nos puede llevar a la idea de que la rabia hay que controlarla y apaciguarla, cuando realmente lo que debemos hacer con ella, es escucharla, pues <strong>nos est\u00e1 indicando que sentimos que se ha producido una INJUSTICIA.<\/strong><\/p>\n<p>Sentir rabia nos permite identificar esas situaciones de injusticia ante las que no estamos dispuestos a callar o a no hacer nada.<\/p>\n<p>La rabia es una emoci\u00f3n que nos da la energ\u00eda necesaria, a trav\u00e9s del enfado y su expresi\u00f3n, para entrar en acci\u00f3n y denunciar mentiras o manipulaciones. S\u00ed&#8230; a veces no de la forma m\u00e1s correcta&#8230; Pero la rabia, bien expresada, nos ayuda a reaccionar ante las injusticias tomando decisiones y actuando en coherencia con nuestros <strong>VALORES,<\/strong> lo que nos lleva a <span style=\"color: #000000;\"><strong>sentirnos bien con nosotros mismos, pertenencientes a una comunidad y empoderarnos.<\/strong><\/span><\/p>\n<h3 style=\"text-align: center;\">EN ESTE TALLER APRENDEN A:<\/h3>\n<p><strong> &#8211; Usar la rabia y la rebeld\u00eda para visibilizar y actuar contra las injusticias, la mentira y la manipulaci\u00f3n <\/strong>que podemos encontrar en algunos sectores reacios a realizar los cambios estructurales necesarios para empezar a transformar nuestra forma de consumir y de relacionarnos con los recursos y entre nosotros.<\/p>\n<p>&#8211;<strong> Identificar estrategias de GREENWASHING\u00bb (lavado verde).\u00a0<\/strong> Podr\u00e1n detectar las estrategias de m\u00e1rketing que ciertas partes delpartes del lobby industrial de la alimentaci\u00f3n y el sector energ\u00e9tico utilizan para que sus productos adquieran una im\u00e1gen, falsa, de preocupaci\u00f3n medioambiental y social.<\/p>\n<p>&#8211; <strong>Utilizar sus redes sociales para denunciar, visibilizar y dejar de apoyar todas las acciones que perpet\u00faan y acent\u00faan la crisis ecosocial.<\/strong> Los participantes descubrir\u00e1n c\u00f3mo funciona el BIG DATA, c\u00f3mo se comercializa con sus datos y c\u00f3mo evitar que esto ocurra.A su vez ver\u00e1n c\u00f3mo usando esta informaci\u00f3n para su beneficio y\u00a0 de la forma adecuada pueden<span style=\"color: #000000;\"> <strong>incrementar la demanda de productos verdaderamente sostenibles, m\u00e1s justos socialmente y con menor huella de carbono.<\/strong><\/span><\/p>\n<p>&nbsp;<\/p>\n<h3 style=\"text-align: center;\">DESCARGA AQU\u00cd EL PDF DE LA ACTIVIDAD<\/h3>\n<p><a href=\"https:\/\/metamorfica.info\/wp-content\/uploads\/2026\/02\/Documento-A4-Portada-Cambio-Climatico-Ilustrado-Azul-1.pdf\"><img loading=\"lazy\" decoding=\"async\" class=\"wp-image-7318 aligncenter\" src=\"https:\/\/metamorfica.info\/wp-content\/uploads\/2026\/02\/Documento-A4-Portada-Cambio-Climatico-Ilustrado-Azul.png\" alt=\"\" width=\"243\" height=\"344\" srcset=\"https:\/\/metamorfica.info\/wp-content\/uploads\/2026\/02\/Documento-A4-Portada-Cambio-Climatico-Ilustrado-Azul.png 1414w, https:\/\/metamorfica.info\/wp-content\/uploads\/2026\/02\/Documento-A4-Portada-Cambio-Climatico-Ilustrado-Azul-212x300.png 212w, https:\/\/metamorfica.info\/wp-content\/uploads\/2026\/02\/Documento-A4-Portada-Cambio-Climatico-Ilustrado-Azul-724x1024.png 724w, https:\/\/metamorfica.info\/wp-content\/uploads\/2026\/02\/Documento-A4-Portada-Cambio-Climatico-Ilustrado-Azul-768x1086.png 768w, https:\/\/metamorfica.info\/wp-content\/uploads\/2026\/02\/Documento-A4-Portada-Cambio-Climatico-Ilustrado-Azul-1086x1536.png 1086w\" sizes=\"auto, (max-width: 243px) 100vw, 243px\" \/><\/a><\/p>\n<p>&nbsp;<\/p>\n<h2 style=\"text-align: center;\">&#8212;<\/h2>\n<h3 style=\"text-align: center;\">Si tienes dudas o quieres hacerme alguna pregunta, no dudes en contactarme.<\/h3>\n<h2 style=\"text-align: center;\"><span style=\"color: #ff0000;\">\u00a0<\/span><\/h2>\n<p style=\"text-align: center;\">\n","protected":false},"excerpt":{"rendered":"<p>&nbsp; \u00bfPOR QU\u00c9 OFRECER A TUS ESTUDIANTES ESTA ACTIVIDAD? Como dice Sera Huertas (t\u00e9cnico de educaci\u00f3n ambiental en el Centre d\u2019Educaci\u00f3 Ambiental de la Comunitat [&hellip;]<\/p>\n","protected":false},"author":2,"featured_media":0,"parent":0,"menu_order":0,"comment_status":"closed","ping_status":"closed","template":"","meta":{"_bbp_topic_count":0,"_bbp_reply_count":0,"_bbp_total_topic_count":0,"_bbp_total_reply_count":0,"_bbp_voice_count":0,"_bbp_anonymous_reply_count":0,"_bbp_topic_count_hidden":0,"_bbp_reply_count_hidden":0,"_bbp_forum_subforum_count":0,"footnotes":""},"class_list":["post-7076","page","type-page","status-publish","hentry"],"yoast_head":"<!-- This site is optimized with the Yoast SEO plugin v23.9 - https:\/\/yoast.com\/wordpress\/plugins\/seo\/ -->\n<title>Ay\u00fadales a transformar la REBELD\u00cdA en ACCI\u00d3N - Metam\u00f3rfica<\/title>\n<meta name=\"robots\" content=\"index, follow, max-snippet:-1, max-image-preview:large, max-video-preview:-1\" \/>\n<link rel=\"canonical\" href=\"https:\/\/metamorfica.info\/index.php\/hackers-climatics\/\" \/>\n<meta property=\"og:locale\" content=\"es_ES\" \/>\n<meta property=\"og:type\" content=\"article\" \/>\n<meta property=\"og:title\" content=\"Ay\u00fadales a transformar la REBELD\u00cdA en ACCI\u00d3N - Metam\u00f3rfica\" \/>\n<meta property=\"og:description\" content=\"&nbsp; \u00bfPOR QU\u00c9 OFRECER A TUS ESTUDIANTES ESTA ACTIVIDAD? Como dice Sera Huertas (t\u00e9cnico de educaci\u00f3n ambiental en el Centre d\u2019Educaci\u00f3 Ambiental de la Comunitat [&hellip;]\" \/>\n<meta property=\"og:url\" content=\"https:\/\/metamorfica.info\/index.php\/hackers-climatics\/\" \/>\n<meta property=\"og:site_name\" content=\"Metam\u00f3rfica\" \/>\n<meta property=\"article:modified_time\" content=\"2026-02-03T20:35:46+00:00\" \/>\n<meta property=\"og:image\" content=\"https:\/\/metamorfica.info\/wp-content\/uploads\/2024\/07\/Documento-A4-Portada-Cambio-Climatico-Ilustrado-Azul_20250708_125837_0000.png\" \/>\n\t<meta property=\"og:image:width\" content=\"1414\" \/>\n\t<meta property=\"og:image:height\" content=\"2000\" \/>\n\t<meta property=\"og:image:type\" content=\"image\/png\" \/>\n<meta name=\"twitter:card\" content=\"summary_large_image\" \/>\n<meta name=\"twitter:site\" content=\"@Carolinametamorfica\" \/>\n<meta name=\"twitter:label1\" content=\"Tiempo de lectura\" \/>\n\t<meta name=\"twitter:data1\" content=\"3 minutos\" \/>\n<script type=\"application\/ld+json\" class=\"yoast-schema-graph\">{\"@context\":\"https:\/\/schema.org\",\"@graph\":[{\"@type\":\"WebPage\",\"@id\":\"https:\/\/metamorfica.info\/index.php\/hackers-climatics\/\",\"url\":\"https:\/\/metamorfica.info\/index.php\/hackers-climatics\/\",\"name\":\"Ay\u00fadales a transformar la REBELD\u00cdA en ACCI\u00d3N - Metam\u00f3rfica\",\"isPartOf\":{\"@id\":\"https:\/\/metamorfica.info\/#website\"},\"primaryImageOfPage\":{\"@id\":\"https:\/\/metamorfica.info\/index.php\/hackers-climatics\/#primaryimage\"},\"image\":{\"@id\":\"https:\/\/metamorfica.info\/index.php\/hackers-climatics\/#primaryimage\"},\"thumbnailUrl\":\"https:\/\/metamorfica.info\/wp-content\/uploads\/2024\/07\/Documento-A4-Portada-Cambio-Climatico-Ilustrado-Azul_20250708_125837_0000-212x300.png\",\"datePublished\":\"2025-01-20T12:55:14+00:00\",\"dateModified\":\"2026-02-03T20:35:46+00:00\",\"breadcrumb\":{\"@id\":\"https:\/\/metamorfica.info\/index.php\/hackers-climatics\/#breadcrumb\"},\"inLanguage\":\"es\",\"potentialAction\":[{\"@type\":\"ReadAction\",\"target\":[\"https:\/\/metamorfica.info\/index.php\/hackers-climatics\/\"]}]},{\"@type\":\"ImageObject\",\"inLanguage\":\"es\",\"@id\":\"https:\/\/metamorfica.info\/index.php\/hackers-climatics\/#primaryimage\",\"url\":\"https:\/\/metamorfica.info\/wp-content\/uploads\/2024\/07\/Documento-A4-Portada-Cambio-Climatico-Ilustrado-Azul_20250708_125837_0000.png\",\"contentUrl\":\"https:\/\/metamorfica.info\/wp-content\/uploads\/2024\/07\/Documento-A4-Portada-Cambio-Climatico-Ilustrado-Azul_20250708_125837_0000.png\",\"width\":1414,\"height\":2000},{\"@type\":\"BreadcrumbList\",\"@id\":\"https:\/\/metamorfica.info\/index.php\/hackers-climatics\/#breadcrumb\",\"itemListElement\":[{\"@type\":\"ListItem\",\"position\":1,\"name\":\"Portada\",\"item\":\"https:\/\/metamorfica.info\/\"},{\"@type\":\"ListItem\",\"position\":2,\"name\":\"Ay\u00fadales a transformar la REBELD\u00cdA en ACCI\u00d3N\"}]},{\"@type\":\"WebSite\",\"@id\":\"https:\/\/metamorfica.info\/#website\",\"url\":\"https:\/\/metamorfica.info\/\",\"name\":\"Metam\u00f3rfica\",\"description\":\"\u00bfSabremos adaptarnos a los cambios de nuestro planeta?\",\"publisher\":{\"@id\":\"https:\/\/metamorfica.info\/#\/schema\/person\/80b1d759d3d5c01d4073b6a361fde0d4\"},\"potentialAction\":[{\"@type\":\"SearchAction\",\"target\":{\"@type\":\"EntryPoint\",\"urlTemplate\":\"https:\/\/metamorfica.info\/?s={search_term_string}\"},\"query-input\":{\"@type\":\"PropertyValueSpecification\",\"valueRequired\":true,\"valueName\":\"search_term_string\"}}],\"inLanguage\":\"es\"},{\"@type\":[\"Person\",\"Organization\"],\"@id\":\"https:\/\/metamorfica.info\/#\/schema\/person\/80b1d759d3d5c01d4073b6a361fde0d4\",\"name\":\"Carolina\",\"image\":{\"@type\":\"ImageObject\",\"inLanguage\":\"es\",\"@id\":\"https:\/\/metamorfica.info\/#\/schema\/person\/image\/\",\"url\":\"https:\/\/metamorfica.info\/wp-content\/uploads\/2021\/03\/MetamoI\u0081rfica-Home.png\",\"contentUrl\":\"https:\/\/metamorfica.info\/wp-content\/uploads\/2021\/03\/MetamoI\u0081rfica-Home.png\",\"width\":1064,\"height\":454,\"caption\":\"Carolina\"},\"logo\":{\"@id\":\"https:\/\/metamorfica.info\/#\/schema\/person\/image\/\"},\"description\":\"Educadora ambiental que descubri\u00f3 que ning\u00fan cambio es perdurable si no se inicia desde la coherencia entre pensamiento-palabra-emoci\u00f3n-accion.\",\"sameAs\":[\"http:\/\/www.metamorfica.info\",\"https:\/\/x.com\/Carolinametamorfica\"]}]}<\/script>\n<!-- \/ Yoast SEO plugin. -->","yoast_head_json":{"title":"Ay\u00fadales a transformar la REBELD\u00cdA en ACCI\u00d3N - Metam\u00f3rfica","robots":{"index":"index","follow":"follow","max-snippet":"max-snippet:-1","max-image-preview":"max-image-preview:large","max-video-preview":"max-video-preview:-1"},"canonical":"https:\/\/metamorfica.info\/index.php\/hackers-climatics\/","og_locale":"es_ES","og_type":"article","og_title":"Ay\u00fadales a transformar la REBELD\u00cdA en ACCI\u00d3N - Metam\u00f3rfica","og_description":"&nbsp; \u00bfPOR QU\u00c9 OFRECER A TUS ESTUDIANTES ESTA ACTIVIDAD? Como dice Sera Huertas (t\u00e9cnico de educaci\u00f3n ambiental en el Centre d\u2019Educaci\u00f3 Ambiental de la Comunitat [&hellip;]","og_url":"https:\/\/metamorfica.info\/index.php\/hackers-climatics\/","og_site_name":"Metam\u00f3rfica","article_modified_time":"2026-02-03T20:35:46+00:00","og_image":[{"width":1414,"height":2000,"url":"https:\/\/metamorfica.info\/wp-content\/uploads\/2024\/07\/Documento-A4-Portada-Cambio-Climatico-Ilustrado-Azul_20250708_125837_0000.png","type":"image\/png"}],"twitter_card":"summary_large_image","twitter_site":"@Carolinametamorfica","twitter_misc":{"Tiempo de lectura":"3 minutos"},"schema":{"@context":"https:\/\/schema.org","@graph":[{"@type":"WebPage","@id":"https:\/\/metamorfica.info\/index.php\/hackers-climatics\/","url":"https:\/\/metamorfica.info\/index.php\/hackers-climatics\/","name":"Ay\u00fadales a transformar la REBELD\u00cdA en ACCI\u00d3N - Metam\u00f3rfica","isPartOf":{"@id":"https:\/\/metamorfica.info\/#website"},"primaryImageOfPage":{"@id":"https:\/\/metamorfica.info\/index.php\/hackers-climatics\/#primaryimage"},"image":{"@id":"https:\/\/metamorfica.info\/index.php\/hackers-climatics\/#primaryimage"},"thumbnailUrl":"https:\/\/metamorfica.info\/wp-content\/uploads\/2024\/07\/Documento-A4-Portada-Cambio-Climatico-Ilustrado-Azul_20250708_125837_0000-212x300.png","datePublished":"2025-01-20T12:55:14+00:00","dateModified":"2026-02-03T20:35:46+00:00","breadcrumb":{"@id":"https:\/\/metamorfica.info\/index.php\/hackers-climatics\/#breadcrumb"},"inLanguage":"es","potentialAction":[{"@type":"ReadAction","target":["https:\/\/metamorfica.info\/index.php\/hackers-climatics\/"]}]},{"@type":"ImageObject","inLanguage":"es","@id":"https:\/\/metamorfica.info\/index.php\/hackers-climatics\/#primaryimage","url":"https:\/\/metamorfica.info\/wp-content\/uploads\/2024\/07\/Documento-A4-Portada-Cambio-Climatico-Ilustrado-Azul_20250708_125837_0000.png","contentUrl":"https:\/\/metamorfica.info\/wp-content\/uploads\/2024\/07\/Documento-A4-Portada-Cambio-Climatico-Ilustrado-Azul_20250708_125837_0000.png","width":1414,"height":2000},{"@type":"BreadcrumbList","@id":"https:\/\/metamorfica.info\/index.php\/hackers-climatics\/#breadcrumb","itemListElement":[{"@type":"ListItem","position":1,"name":"Portada","item":"https:\/\/metamorfica.info\/"},{"@type":"ListItem","position":2,"name":"Ay\u00fadales a transformar la REBELD\u00cdA en ACCI\u00d3N"}]},{"@type":"WebSite","@id":"https:\/\/metamorfica.info\/#website","url":"https:\/\/metamorfica.info\/","name":"Metam\u00f3rfica","description":"\u00bfSabremos adaptarnos a los cambios de nuestro planeta?","publisher":{"@id":"https:\/\/metamorfica.info\/#\/schema\/person\/80b1d759d3d5c01d4073b6a361fde0d4"},"potentialAction":[{"@type":"SearchAction","target":{"@type":"EntryPoint","urlTemplate":"https:\/\/metamorfica.info\/?s={search_term_string}"},"query-input":{"@type":"PropertyValueSpecification","valueRequired":true,"valueName":"search_term_string"}}],"inLanguage":"es"},{"@type":["Person","Organization"],"@id":"https:\/\/metamorfica.info\/#\/schema\/person\/80b1d759d3d5c01d4073b6a361fde0d4","name":"Carolina","image":{"@type":"ImageObject","inLanguage":"es","@id":"https:\/\/metamorfica.info\/#\/schema\/person\/image\/","url":"https:\/\/metamorfica.info\/wp-content\/uploads\/2021\/03\/MetamoI\u0081rfica-Home.png","contentUrl":"https:\/\/metamorfica.info\/wp-content\/uploads\/2021\/03\/MetamoI\u0081rfica-Home.png","width":1064,"height":454,"caption":"Carolina"},"logo":{"@id":"https:\/\/metamorfica.info\/#\/schema\/person\/image\/"},"description":"Educadora ambiental que descubri\u00f3 que ning\u00fan cambio es perdurable si no se inicia desde la coherencia entre pensamiento-palabra-emoci\u00f3n-accion.","sameAs":["http:\/\/www.metamorfica.info","https:\/\/x.com\/Carolinametamorfica"]}]}},"_links":{"self":[{"href":"https:\/\/metamorfica.info\/index.php\/wp-json\/wp\/v2\/pages\/7076","targetHints":{"allow":["GET"]}}],"collection":[{"href":"https:\/\/metamorfica.info\/index.php\/wp-json\/wp\/v2\/pages"}],"about":[{"href":"https:\/\/metamorfica.info\/index.php\/wp-json\/wp\/v2\/types\/page"}],"author":[{"embeddable":true,"href":"https:\/\/metamorfica.info\/index.php\/wp-json\/wp\/v2\/users\/2"}],"replies":[{"embeddable":true,"href":"https:\/\/metamorfica.info\/index.php\/wp-json\/wp\/v2\/comments?post=7076"}],"version-history":[{"count":39,"href":"https:\/\/metamorfica.info\/index.php\/wp-json\/wp\/v2\/pages\/7076\/revisions"}],"predecessor-version":[{"id":7331,"href":"https:\/\/metamorfica.info\/index.php\/wp-json\/wp\/v2\/pages\/7076\/revisions\/7331"}],"wp:attachment":[{"href":"https:\/\/metamorfica.info\/index.php\/wp-json\/wp\/v2\/media?parent=7076"}],"curies":[{"name":"wp","href":"https:\/\/api.w.org\/{rel}","templated":true}]}}