{"id":6903,"date":"2024-07-15T21:50:45","date_gmt":"2024-07-15T19:50:45","guid":{"rendered":"https:\/\/metamorfica.info\/?page_id=6903"},"modified":"2025-01-21T14:23:45","modified_gmt":"2025-01-21T13:23:45","slug":"2o-parte-taller","status":"publish","type":"page","link":"https:\/\/metamorfica.info\/index.php\/2o-parte-taller\/","title":{"rendered":"\u00bfQu\u00e9 es SentiPensar?"},"content":{"rendered":"<h4><img loading=\"lazy\" decoding=\"async\" class=\"wp-image-6887 aligncenter\" src=\"https:\/\/metamorfica.info\/wp-content\/uploads\/2024\/07\/Anadir-un-subtitulo1-1-300x169.jpg\" alt=\"\" width=\"540\" height=\"304\" srcset=\"https:\/\/metamorfica.info\/wp-content\/uploads\/2024\/07\/Anadir-un-subtitulo1-1-300x169.jpg 300w, https:\/\/metamorfica.info\/wp-content\/uploads\/2024\/07\/Anadir-un-subtitulo1-1-1024x576.jpg 1024w, https:\/\/metamorfica.info\/wp-content\/uploads\/2024\/07\/Anadir-un-subtitulo1-1-768x432.jpg 768w, https:\/\/metamorfica.info\/wp-content\/uploads\/2024\/07\/Anadir-un-subtitulo1-1-1536x864.jpg 1536w, https:\/\/metamorfica.info\/wp-content\/uploads\/2024\/07\/Anadir-un-subtitulo1-1.jpg 1920w\" sizes=\"auto, (max-width: 540px) 100vw, 540px\" \/><\/h4>\n<h4><\/h4>\n<h3 style=\"text-align: center;\"><\/h3>\n<h3 style=\"text-align: center;\"><span style=\"color: #1093c6;\">Hay tres motivos de ESPERANZA que pueden guiarnos a la hora de enfocar nuestro futuro en un planeta que no volver\u00e1 a ser el mismo:<\/span><\/h3>\n<p>1- Todas las civilizaciones del planeta podr\u00edan llevar un estilo de vida similar al que ahora disfrutamos en Espa\u00f1a si reduj\u00e9ramos nuestro consumo energ\u00e9tico a <span style=\"color: #b03eb6;\"><strong>tan s\u00f3lo un 10% de todo lo que consumimos anualmente<\/strong><\/span> los pa\u00edses desarrollados.<\/p>\n<p>2- Einstein: \u00abNo se puede resolver un problema <span style=\"color: #b03eb6;\"><strong>desde el mismo razonamiento<\/strong> <span style=\"color: #000000;\">desde el que se cre\u00f3\u00bb.<\/span><\/span><\/p>\n<p>3-\u00a0 El \u00e9xito de las adaptaciones clim\u00e1ticas del ser humano en el pasado se debe a una capacidad humana denominada <span style=\"color: #b03eb6;\"><strong>Transmisi\u00f3n Cultural Acumulativa.<\/strong><\/span><\/p>\n<p>Durante las actividades de Metam\u00f3rfica desarrollamos la importancia de estos tres puntos, aprendiendo que el paradigma socioecon\u00f3mico que nos ha tra\u00eddo hasta un planeta menos biodiverso, m\u00e1s contaminado, con menos recursos econ\u00f3micamente viables y con un <strong>sistema productivo y de consumo completamente por encima de las posibilidades reales de sostenibilidad<\/strong>, no puede ser el paradigma desde el que encontremos las SOLUCIONES . Todas las que se propongan desde dentro de ese mismo razonamiento, no har\u00e1n m\u00e1s que perpetuar los problemas bajo FALSAS SOLUCIONES que externalizan los problemas y sus consecuencias.<\/p>\n<p>Un enaltecimiento excesivo de la raz\u00f3n para la resoluci\u00f3n de los problemas y para controlar y predecir los complicados mecanismos naturales, ha terminado por distanciarnos emocionalmente de lo dominado (los animales, las plantas, los procesos naturales&#8230;). Como propuesta de cambio aparece el SENTIPENSAMIENTO, un nuevo paradigma desde el que basar nuestras reflexiones y posteriores acciones.<\/p>\n<p>Equilibrar sentimiento y raz\u00f3n a la hora de relacionarnos con el entorno y entre nosotros mismos se puede <strong>entrenar.<\/strong> De esta manera, la Base Motivacional que termina configurando <strong>los valores y\u00a0 creencias<\/strong> que sustentan las culturas, puede modificarse y transmitirse de forma acumulativa a generaciones coet\u00e1neas y posteriores.<\/p>\n<p>Este hecho representa una alternativa muy interesante a la hora de adaptarnos, lo antes posible, a este nuevo cambio eco-social que trae aparejado la problem\u00e1tica clim\u00e1tica y medioambiental.<\/p>\n<p>&nbsp;<\/p>\n<h3 style=\"text-align: center;\"><span style=\"color: #7ec570;\">SENTIPENSAR nos empuja a actuar de forma diferente.<\/span><\/h3>\n<p>&nbsp;<\/p>\n<h3 style=\"text-align: center;\"><span style=\"color: #7ec570;\"> Logrando alcanzar un futuro m\u00e1s esperanzador que si nos quedamos anclados en viejos paradigmas.<br \/>\n<\/span><\/h3>\n<p>&nbsp;<\/p>\n","protected":false},"excerpt":{"rendered":"<p>Hay tres motivos de ESPERANZA que pueden guiarnos a la hora de enfocar nuestro futuro en un planeta que no volver\u00e1 a ser el mismo: [&hellip;]<\/p>\n","protected":false},"author":2,"featured_media":0,"parent":0,"menu_order":0,"comment_status":"closed","ping_status":"closed","template":"","meta":{"_bbp_topic_count":0,"_bbp_reply_count":0,"_bbp_total_topic_count":0,"_bbp_total_reply_count":0,"_bbp_voice_count":0,"_bbp_anonymous_reply_count":0,"_bbp_topic_count_hidden":0,"_bbp_reply_count_hidden":0,"_bbp_forum_subforum_count":0,"footnotes":""},"class_list":["post-6903","page","type-page","status-publish","hentry"],"yoast_head":"<!-- This site is optimized with the Yoast SEO plugin v23.9 - https:\/\/yoast.com\/wordpress\/plugins\/seo\/ -->\n<title>\u00bfQu\u00e9 es SentiPensar? - Metam\u00f3rfica<\/title>\n<meta name=\"robots\" content=\"index, follow, max-snippet:-1, max-image-preview:large, max-video-preview:-1\" \/>\n<link rel=\"canonical\" href=\"https:\/\/metamorfica.info\/index.php\/2o-parte-taller\/\" \/>\n<meta property=\"og:locale\" content=\"es_ES\" \/>\n<meta property=\"og:type\" content=\"article\" \/>\n<meta property=\"og:title\" content=\"\u00bfQu\u00e9 es SentiPensar? - Metam\u00f3rfica\" \/>\n<meta property=\"og:description\" content=\"Hay tres motivos de ESPERANZA que pueden guiarnos a la hora de enfocar nuestro futuro en un planeta que no volver\u00e1 a ser el mismo: [&hellip;]\" \/>\n<meta property=\"og:url\" content=\"https:\/\/metamorfica.info\/index.php\/2o-parte-taller\/\" \/>\n<meta property=\"og:site_name\" content=\"Metam\u00f3rfica\" \/>\n<meta property=\"article:modified_time\" content=\"2025-01-21T13:23:45+00:00\" \/>\n<meta property=\"og:image\" content=\"https:\/\/metamorfica.info\/wp-content\/uploads\/2024\/07\/Anadir-un-subtitulo1-1.jpg\" \/>\n\t<meta property=\"og:image:width\" content=\"1920\" \/>\n\t<meta property=\"og:image:height\" content=\"1080\" \/>\n\t<meta property=\"og:image:type\" content=\"image\/jpeg\" \/>\n<meta name=\"twitter:card\" content=\"summary_large_image\" \/>\n<meta name=\"twitter:site\" content=\"@Carolinametamorfica\" \/>\n<meta name=\"twitter:label1\" content=\"Tiempo de lectura\" \/>\n\t<meta name=\"twitter:data1\" content=\"2 minutos\" \/>\n<script type=\"application\/ld+json\" class=\"yoast-schema-graph\">{\"@context\":\"https:\/\/schema.org\",\"@graph\":[{\"@type\":\"WebPage\",\"@id\":\"https:\/\/metamorfica.info\/index.php\/2o-parte-taller\/\",\"url\":\"https:\/\/metamorfica.info\/index.php\/2o-parte-taller\/\",\"name\":\"\u00bfQu\u00e9 es SentiPensar? - Metam\u00f3rfica\",\"isPartOf\":{\"@id\":\"https:\/\/metamorfica.info\/#website\"},\"primaryImageOfPage\":{\"@id\":\"https:\/\/metamorfica.info\/index.php\/2o-parte-taller\/#primaryimage\"},\"image\":{\"@id\":\"https:\/\/metamorfica.info\/index.php\/2o-parte-taller\/#primaryimage\"},\"thumbnailUrl\":\"https:\/\/metamorfica.info\/wp-content\/uploads\/2024\/07\/Anadir-un-subtitulo1-1-300x169.jpg\",\"datePublished\":\"2024-07-15T19:50:45+00:00\",\"dateModified\":\"2025-01-21T13:23:45+00:00\",\"breadcrumb\":{\"@id\":\"https:\/\/metamorfica.info\/index.php\/2o-parte-taller\/#breadcrumb\"},\"inLanguage\":\"es\",\"potentialAction\":[{\"@type\":\"ReadAction\",\"target\":[\"https:\/\/metamorfica.info\/index.php\/2o-parte-taller\/\"]}]},{\"@type\":\"ImageObject\",\"inLanguage\":\"es\",\"@id\":\"https:\/\/metamorfica.info\/index.php\/2o-parte-taller\/#primaryimage\",\"url\":\"https:\/\/metamorfica.info\/wp-content\/uploads\/2024\/07\/Anadir-un-subtitulo1-1.jpg\",\"contentUrl\":\"https:\/\/metamorfica.info\/wp-content\/uploads\/2024\/07\/Anadir-un-subtitulo1-1.jpg\",\"width\":1920,\"height\":1080},{\"@type\":\"BreadcrumbList\",\"@id\":\"https:\/\/metamorfica.info\/index.php\/2o-parte-taller\/#breadcrumb\",\"itemListElement\":[{\"@type\":\"ListItem\",\"position\":1,\"name\":\"Portada\",\"item\":\"https:\/\/metamorfica.info\/\"},{\"@type\":\"ListItem\",\"position\":2,\"name\":\"\u00bfQu\u00e9 es SentiPensar?\"}]},{\"@type\":\"WebSite\",\"@id\":\"https:\/\/metamorfica.info\/#website\",\"url\":\"https:\/\/metamorfica.info\/\",\"name\":\"Metam\u00f3rfica\",\"description\":\"\u00bfSabremos adaptarnos a los cambios de nuestro planeta?\",\"publisher\":{\"@id\":\"https:\/\/metamorfica.info\/#\/schema\/person\/80b1d759d3d5c01d4073b6a361fde0d4\"},\"potentialAction\":[{\"@type\":\"SearchAction\",\"target\":{\"@type\":\"EntryPoint\",\"urlTemplate\":\"https:\/\/metamorfica.info\/?s={search_term_string}\"},\"query-input\":{\"@type\":\"PropertyValueSpecification\",\"valueRequired\":true,\"valueName\":\"search_term_string\"}}],\"inLanguage\":\"es\"},{\"@type\":[\"Person\",\"Organization\"],\"@id\":\"https:\/\/metamorfica.info\/#\/schema\/person\/80b1d759d3d5c01d4073b6a361fde0d4\",\"name\":\"Carolina\",\"image\":{\"@type\":\"ImageObject\",\"inLanguage\":\"es\",\"@id\":\"https:\/\/metamorfica.info\/#\/schema\/person\/image\/\",\"url\":\"https:\/\/metamorfica.info\/wp-content\/uploads\/2021\/03\/MetamoI\u0081rfica-Home.png\",\"contentUrl\":\"https:\/\/metamorfica.info\/wp-content\/uploads\/2021\/03\/MetamoI\u0081rfica-Home.png\",\"width\":1064,\"height\":454,\"caption\":\"Carolina\"},\"logo\":{\"@id\":\"https:\/\/metamorfica.info\/#\/schema\/person\/image\/\"},\"description\":\"Educadora ambiental que descubri\u00f3 que ning\u00fan cambio es perdurable si no se inicia desde la coherencia entre pensamiento-palabra-emoci\u00f3n-accion.\",\"sameAs\":[\"http:\/\/www.metamorfica.info\",\"https:\/\/x.com\/Carolinametamorfica\"]}]}<\/script>\n<!-- \/ Yoast SEO plugin. -->","yoast_head_json":{"title":"\u00bfQu\u00e9 es SentiPensar? - Metam\u00f3rfica","robots":{"index":"index","follow":"follow","max-snippet":"max-snippet:-1","max-image-preview":"max-image-preview:large","max-video-preview":"max-video-preview:-1"},"canonical":"https:\/\/metamorfica.info\/index.php\/2o-parte-taller\/","og_locale":"es_ES","og_type":"article","og_title":"\u00bfQu\u00e9 es SentiPensar? - Metam\u00f3rfica","og_description":"Hay tres motivos de ESPERANZA que pueden guiarnos a la hora de enfocar nuestro futuro en un planeta que no volver\u00e1 a ser el mismo: [&hellip;]","og_url":"https:\/\/metamorfica.info\/index.php\/2o-parte-taller\/","og_site_name":"Metam\u00f3rfica","article_modified_time":"2025-01-21T13:23:45+00:00","og_image":[{"width":1920,"height":1080,"url":"https:\/\/metamorfica.info\/wp-content\/uploads\/2024\/07\/Anadir-un-subtitulo1-1.jpg","type":"image\/jpeg"}],"twitter_card":"summary_large_image","twitter_site":"@Carolinametamorfica","twitter_misc":{"Tiempo de lectura":"2 minutos"},"schema":{"@context":"https:\/\/schema.org","@graph":[{"@type":"WebPage","@id":"https:\/\/metamorfica.info\/index.php\/2o-parte-taller\/","url":"https:\/\/metamorfica.info\/index.php\/2o-parte-taller\/","name":"\u00bfQu\u00e9 es SentiPensar? - Metam\u00f3rfica","isPartOf":{"@id":"https:\/\/metamorfica.info\/#website"},"primaryImageOfPage":{"@id":"https:\/\/metamorfica.info\/index.php\/2o-parte-taller\/#primaryimage"},"image":{"@id":"https:\/\/metamorfica.info\/index.php\/2o-parte-taller\/#primaryimage"},"thumbnailUrl":"https:\/\/metamorfica.info\/wp-content\/uploads\/2024\/07\/Anadir-un-subtitulo1-1-300x169.jpg","datePublished":"2024-07-15T19:50:45+00:00","dateModified":"2025-01-21T13:23:45+00:00","breadcrumb":{"@id":"https:\/\/metamorfica.info\/index.php\/2o-parte-taller\/#breadcrumb"},"inLanguage":"es","potentialAction":[{"@type":"ReadAction","target":["https:\/\/metamorfica.info\/index.php\/2o-parte-taller\/"]}]},{"@type":"ImageObject","inLanguage":"es","@id":"https:\/\/metamorfica.info\/index.php\/2o-parte-taller\/#primaryimage","url":"https:\/\/metamorfica.info\/wp-content\/uploads\/2024\/07\/Anadir-un-subtitulo1-1.jpg","contentUrl":"https:\/\/metamorfica.info\/wp-content\/uploads\/2024\/07\/Anadir-un-subtitulo1-1.jpg","width":1920,"height":1080},{"@type":"BreadcrumbList","@id":"https:\/\/metamorfica.info\/index.php\/2o-parte-taller\/#breadcrumb","itemListElement":[{"@type":"ListItem","position":1,"name":"Portada","item":"https:\/\/metamorfica.info\/"},{"@type":"ListItem","position":2,"name":"\u00bfQu\u00e9 es SentiPensar?"}]},{"@type":"WebSite","@id":"https:\/\/metamorfica.info\/#website","url":"https:\/\/metamorfica.info\/","name":"Metam\u00f3rfica","description":"\u00bfSabremos adaptarnos a los cambios de nuestro planeta?","publisher":{"@id":"https:\/\/metamorfica.info\/#\/schema\/person\/80b1d759d3d5c01d4073b6a361fde0d4"},"potentialAction":[{"@type":"SearchAction","target":{"@type":"EntryPoint","urlTemplate":"https:\/\/metamorfica.info\/?s={search_term_string}"},"query-input":{"@type":"PropertyValueSpecification","valueRequired":true,"valueName":"search_term_string"}}],"inLanguage":"es"},{"@type":["Person","Organization"],"@id":"https:\/\/metamorfica.info\/#\/schema\/person\/80b1d759d3d5c01d4073b6a361fde0d4","name":"Carolina","image":{"@type":"ImageObject","inLanguage":"es","@id":"https:\/\/metamorfica.info\/#\/schema\/person\/image\/","url":"https:\/\/metamorfica.info\/wp-content\/uploads\/2021\/03\/MetamoI\u0081rfica-Home.png","contentUrl":"https:\/\/metamorfica.info\/wp-content\/uploads\/2021\/03\/MetamoI\u0081rfica-Home.png","width":1064,"height":454,"caption":"Carolina"},"logo":{"@id":"https:\/\/metamorfica.info\/#\/schema\/person\/image\/"},"description":"Educadora ambiental que descubri\u00f3 que ning\u00fan cambio es perdurable si no se inicia desde la coherencia entre pensamiento-palabra-emoci\u00f3n-accion.","sameAs":["http:\/\/www.metamorfica.info","https:\/\/x.com\/Carolinametamorfica"]}]}},"_links":{"self":[{"href":"https:\/\/metamorfica.info\/index.php\/wp-json\/wp\/v2\/pages\/6903","targetHints":{"allow":["GET"]}}],"collection":[{"href":"https:\/\/metamorfica.info\/index.php\/wp-json\/wp\/v2\/pages"}],"about":[{"href":"https:\/\/metamorfica.info\/index.php\/wp-json\/wp\/v2\/types\/page"}],"author":[{"embeddable":true,"href":"https:\/\/metamorfica.info\/index.php\/wp-json\/wp\/v2\/users\/2"}],"replies":[{"embeddable":true,"href":"https:\/\/metamorfica.info\/index.php\/wp-json\/wp\/v2\/comments?post=6903"}],"version-history":[{"count":16,"href":"https:\/\/metamorfica.info\/index.php\/wp-json\/wp\/v2\/pages\/6903\/revisions"}],"predecessor-version":[{"id":7114,"href":"https:\/\/metamorfica.info\/index.php\/wp-json\/wp\/v2\/pages\/6903\/revisions\/7114"}],"wp:attachment":[{"href":"https:\/\/metamorfica.info\/index.php\/wp-json\/wp\/v2\/media?parent=6903"}],"curies":[{"name":"wp","href":"https:\/\/api.w.org\/{rel}","templated":true}]}}