{"id":6897,"date":"2024-07-15T21:42:31","date_gmt":"2024-07-15T19:42:31","guid":{"rendered":"https:\/\/metamorfica.info\/?page_id=6897"},"modified":"2026-03-23T22:02:23","modified_gmt":"2026-03-23T21:02:23","slug":"transicion-cultural","status":"publish","type":"page","link":"https:\/\/metamorfica.info\/index.php\/transicion-cultural\/","title":{"rendered":"Ante las puertas de un NUEVO PARADIGMA"},"content":{"rendered":"<p>Venimos de un paradigma que ha quedado obsoleto, pues la idea dominante del mismo era que <strong>se pod\u00eda crecer infinitamente en un planeta finito.<\/strong> Actualmente ha quedado demostrado que \u00e9sto es imposible sin degradar el medio natural, crear desigualdades entre las poblaciones y forzando un reparto desigual de la riqueza.<\/p>\n<p>Comprender los<strong> valores, creencias y motivaciones<\/strong> anclados en ese viejo paradigma es el punto de partida para trascenderlo y comenzar a dise\u00f1ar uno nuevo, m\u00e1s acorde a la realidad presente y futura.<\/p>\n<p>Muchas personas y organismos ya est\u00e1n dando ese salto para cambiar de paradigma, pero a veces no podemos verlo porque <strong>el viejo paradigma lo nubla e invisibiliza.<\/strong><\/p>\n<p>Ser conscientes de todo lo que ya estamos cambiando es fundamental para <strong>mantener la esperanza y ser capaces de imaginar futuros mejores.<\/strong> Romper con la apat\u00eda, la desesperaci\u00f3n y la falta de acci\u00f3n es lo que impulsar\u00e1 el cambio y lo catalizar\u00e1.<\/p>\n<p><img loading=\"lazy\" decoding=\"async\" class=\"wp-image-7276 aligncenter\" src=\"https:\/\/metamorfica.info\/wp-content\/uploads\/2025\/10\/anadir-un-subtituloPROPOSITO_20251024_140004_0000.png\" alt=\"\" width=\"322\" height=\"322\" srcset=\"https:\/\/metamorfica.info\/wp-content\/uploads\/2025\/10\/anadir-un-subtituloPROPOSITO_20251024_140004_0000.png 500w, https:\/\/metamorfica.info\/wp-content\/uploads\/2025\/10\/anadir-un-subtituloPROPOSITO_20251024_140004_0000-300x300.png 300w, https:\/\/metamorfica.info\/wp-content\/uploads\/2025\/10\/anadir-un-subtituloPROPOSITO_20251024_140004_0000-150x150.png 150w, https:\/\/metamorfica.info\/wp-content\/uploads\/2025\/10\/anadir-un-subtituloPROPOSITO_20251024_140004_0000-370x370.png 370w\" sizes=\"auto, (max-width: 322px) 100vw, 322px\" \/><\/p>\n<p>&nbsp;<\/p>\n<p>En esta actividad, <strong>de manera participativa, aprendemos, reflexionamos y nos hacemos conscientes de todo el camino que ya hemos recorrido<\/strong>, para a continuaci\u00f3n descubrir que hay una manera para seguir avanzando sin perder la motivaci\u00f3n&#8230;<\/p>\n<h3 style=\"text-align: center;\">\u00bfC\u00f3mo?<\/h3>\n<p>A trav\u00e9s de aprender a escuchar a nuestra <strong>PEPA<\/strong> interior.<\/p>\n<p>Todas las personas tenemos dentro una <strong>herramienta adaptativa<\/strong> que nos permite distinguir en este momento cultural de cambio, qu\u00e9 acciones, proyectos y relaciones est\u00e1n <strong>alineadas con el nuevo paradigma<\/strong> que estamos creando y cu\u00e1les nos mantienen ancladas al viejo. De esta forma aprendemos a diferenciar soluciones reales, transformadoras, de las <strong>falsas soluciones<\/strong> que vienen del viejo paradigma para perpetuarlo y retrasar el cambio.<\/p>\n<h3 style=\"text-align: center;\">Durante el taller te presentar\u00e9 a tu PEPA personal y c\u00f3mo escucharla para reforzarte en tus acciones y seguir avanzando.<\/h3>\n<p>&nbsp;<\/p>\n<h3><img loading=\"lazy\" decoding=\"async\" class=\"size-medium wp-image-7251 alignleft\" src=\"https:\/\/metamorfica.info\/wp-content\/uploads\/2025\/07\/anadir-un-subtituloPROPOSITO_20250710_121712_0000-300x300.png\" alt=\"\" width=\"300\" height=\"300\" srcset=\"https:\/\/metamorfica.info\/wp-content\/uploads\/2025\/07\/anadir-un-subtituloPROPOSITO_20250710_121712_0000-300x300.png 300w, https:\/\/metamorfica.info\/wp-content\/uploads\/2025\/07\/anadir-un-subtituloPROPOSITO_20250710_121712_0000-150x150.png 150w, https:\/\/metamorfica.info\/wp-content\/uploads\/2025\/07\/anadir-un-subtituloPROPOSITO_20250710_121712_0000-370x370.png 370w, https:\/\/metamorfica.info\/wp-content\/uploads\/2025\/07\/anadir-un-subtituloPROPOSITO_20250710_121712_0000.png 500w\" sizes=\"auto, (max-width: 300px) 100vw, 300px\" \/><\/h3>\n<h3><\/h3>\n<h4>\u00a0 P= PENSAMIENTO<\/h4>\n<h4>\u00a0 E= EMOCION<\/h4>\n<h4>\u00a0 P= PALABRA<\/h4>\n<h4>\u00a0 A= ACCION<\/h4>\n<p>&nbsp;<\/p>\n<h4><\/h4>\n<h4 style=\"text-align: center;\"><a href=\"https:\/\/metamorfica.info\/wp-content\/uploads\/2026\/03\/Copia-de-Publi-chakana1.pdf\">DESCARGA AQU\u00cd EL PDF DE LA ACTIVIDAD<\/a><\/h4>\n<p>&nbsp;<\/p>\n<h4 style=\"text-align: center;\"><a href=\"https:\/\/metamorfica.info\/wp-content\/uploads\/2026\/03\/Copia-de-Publi-chakana1.pdf\"><img loading=\"lazy\" decoding=\"async\" class=\"alignnone  wp-image-7336\" src=\"https:\/\/metamorfica.info\/wp-content\/uploads\/2024\/07\/Post-de-Instagram-Dia-de-la-Tierra-Sostenible-Verde1-240x300.png\" alt=\"\" width=\"274\" height=\"343\" srcset=\"https:\/\/metamorfica.info\/wp-content\/uploads\/2024\/07\/Post-de-Instagram-Dia-de-la-Tierra-Sostenible-Verde1-240x300.png 240w, https:\/\/metamorfica.info\/wp-content\/uploads\/2024\/07\/Post-de-Instagram-Dia-de-la-Tierra-Sostenible-Verde1-819x1024.png 819w, https:\/\/metamorfica.info\/wp-content\/uploads\/2024\/07\/Post-de-Instagram-Dia-de-la-Tierra-Sostenible-Verde1-768x960.png 768w, https:\/\/metamorfica.info\/wp-content\/uploads\/2024\/07\/Post-de-Instagram-Dia-de-la-Tierra-Sostenible-Verde1.png 1080w\" sizes=\"auto, (max-width: 274px) 100vw, 274px\" \/><\/a><\/h4>\n<p>&nbsp;<\/p>\n<hr \/>\n<p>&nbsp;<\/p>\n<p>&nbsp;<\/p>\n<h4 style=\"text-align: center;\"><span style=\"color: #000000;\">SI TE HAN QUEDADO DUDAS O QUIERES QUE REALICE LA ACTIVIDAD PARA TU GRUPO,<\/span><\/h4>\n<h4 style=\"text-align: center;\"><span style=\"color: #000000;\"> NO DUDES EN PONERTE EN CONTACTO CONMIGO<\/span><\/h4>\n<p>&nbsp;<\/p>\n","protected":false},"excerpt":{"rendered":"<p>Venimos de un paradigma que ha quedado obsoleto, pues la idea dominante del mismo era que se pod\u00eda crecer infinitamente en un planeta finito. Actualmente [&hellip;]<\/p>\n","protected":false},"author":2,"featured_media":0,"parent":0,"menu_order":0,"comment_status":"closed","ping_status":"closed","template":"","meta":{"_bbp_topic_count":0,"_bbp_reply_count":0,"_bbp_total_topic_count":0,"_bbp_total_reply_count":0,"_bbp_voice_count":0,"_bbp_anonymous_reply_count":0,"_bbp_topic_count_hidden":0,"_bbp_reply_count_hidden":0,"_bbp_forum_subforum_count":0,"footnotes":""},"class_list":["post-6897","page","type-page","status-publish","hentry"],"yoast_head":"<!-- This site is optimized with the Yoast SEO plugin v23.9 - https:\/\/yoast.com\/wordpress\/plugins\/seo\/ -->\n<title>Ante las puertas de un NUEVO PARADIGMA - Metam\u00f3rfica<\/title>\n<meta name=\"robots\" content=\"index, follow, max-snippet:-1, max-image-preview:large, max-video-preview:-1\" \/>\n<link rel=\"canonical\" href=\"https:\/\/metamorfica.info\/index.php\/transicion-cultural\/\" \/>\n<meta property=\"og:locale\" content=\"es_ES\" \/>\n<meta property=\"og:type\" content=\"article\" \/>\n<meta property=\"og:title\" content=\"Ante las puertas de un NUEVO PARADIGMA - Metam\u00f3rfica\" \/>\n<meta property=\"og:description\" content=\"Venimos de un paradigma que ha quedado obsoleto, pues la idea dominante del mismo era que se pod\u00eda crecer infinitamente en un planeta finito. Actualmente [&hellip;]\" \/>\n<meta property=\"og:url\" content=\"https:\/\/metamorfica.info\/index.php\/transicion-cultural\/\" \/>\n<meta property=\"og:site_name\" content=\"Metam\u00f3rfica\" \/>\n<meta property=\"article:modified_time\" content=\"2026-03-23T21:02:23+00:00\" \/>\n<meta property=\"og:image\" content=\"https:\/\/metamorfica.info\/wp-content\/uploads\/2025\/10\/anadir-un-subtituloPROPOSITO_20251024_140004_0000.png\" \/>\n\t<meta property=\"og:image:width\" content=\"500\" \/>\n\t<meta property=\"og:image:height\" content=\"500\" \/>\n\t<meta property=\"og:image:type\" content=\"image\/png\" \/>\n<meta name=\"twitter:card\" content=\"summary_large_image\" \/>\n<meta name=\"twitter:site\" content=\"@Carolinametamorfica\" \/>\n<meta name=\"twitter:label1\" content=\"Tiempo de lectura\" \/>\n\t<meta name=\"twitter:data1\" content=\"3 minutos\" \/>\n<script type=\"application\/ld+json\" class=\"yoast-schema-graph\">{\"@context\":\"https:\/\/schema.org\",\"@graph\":[{\"@type\":\"WebPage\",\"@id\":\"https:\/\/metamorfica.info\/index.php\/transicion-cultural\/\",\"url\":\"https:\/\/metamorfica.info\/index.php\/transicion-cultural\/\",\"name\":\"Ante las puertas de un NUEVO PARADIGMA - Metam\u00f3rfica\",\"isPartOf\":{\"@id\":\"https:\/\/metamorfica.info\/#website\"},\"primaryImageOfPage\":{\"@id\":\"https:\/\/metamorfica.info\/index.php\/transicion-cultural\/#primaryimage\"},\"image\":{\"@id\":\"https:\/\/metamorfica.info\/index.php\/transicion-cultural\/#primaryimage\"},\"thumbnailUrl\":\"https:\/\/metamorfica.info\/wp-content\/uploads\/2025\/10\/anadir-un-subtituloPROPOSITO_20251024_140004_0000.png\",\"datePublished\":\"2024-07-15T19:42:31+00:00\",\"dateModified\":\"2026-03-23T21:02:23+00:00\",\"breadcrumb\":{\"@id\":\"https:\/\/metamorfica.info\/index.php\/transicion-cultural\/#breadcrumb\"},\"inLanguage\":\"es\",\"potentialAction\":[{\"@type\":\"ReadAction\",\"target\":[\"https:\/\/metamorfica.info\/index.php\/transicion-cultural\/\"]}]},{\"@type\":\"ImageObject\",\"inLanguage\":\"es\",\"@id\":\"https:\/\/metamorfica.info\/index.php\/transicion-cultural\/#primaryimage\",\"url\":\"https:\/\/metamorfica.info\/wp-content\/uploads\/2025\/10\/anadir-un-subtituloPROPOSITO_20251024_140004_0000.png\",\"contentUrl\":\"https:\/\/metamorfica.info\/wp-content\/uploads\/2025\/10\/anadir-un-subtituloPROPOSITO_20251024_140004_0000.png\",\"width\":500,\"height\":500},{\"@type\":\"BreadcrumbList\",\"@id\":\"https:\/\/metamorfica.info\/index.php\/transicion-cultural\/#breadcrumb\",\"itemListElement\":[{\"@type\":\"ListItem\",\"position\":1,\"name\":\"Portada\",\"item\":\"https:\/\/metamorfica.info\/\"},{\"@type\":\"ListItem\",\"position\":2,\"name\":\"Ante las puertas de un NUEVO PARADIGMA\"}]},{\"@type\":\"WebSite\",\"@id\":\"https:\/\/metamorfica.info\/#website\",\"url\":\"https:\/\/metamorfica.info\/\",\"name\":\"Metam\u00f3rfica\",\"description\":\"\u00bfSabremos adaptarnos a los cambios de nuestro planeta?\",\"publisher\":{\"@id\":\"https:\/\/metamorfica.info\/#\/schema\/person\/80b1d759d3d5c01d4073b6a361fde0d4\"},\"potentialAction\":[{\"@type\":\"SearchAction\",\"target\":{\"@type\":\"EntryPoint\",\"urlTemplate\":\"https:\/\/metamorfica.info\/?s={search_term_string}\"},\"query-input\":{\"@type\":\"PropertyValueSpecification\",\"valueRequired\":true,\"valueName\":\"search_term_string\"}}],\"inLanguage\":\"es\"},{\"@type\":[\"Person\",\"Organization\"],\"@id\":\"https:\/\/metamorfica.info\/#\/schema\/person\/80b1d759d3d5c01d4073b6a361fde0d4\",\"name\":\"Carolina\",\"image\":{\"@type\":\"ImageObject\",\"inLanguage\":\"es\",\"@id\":\"https:\/\/metamorfica.info\/#\/schema\/person\/image\/\",\"url\":\"https:\/\/metamorfica.info\/wp-content\/uploads\/2021\/03\/MetamoI\u0081rfica-Home.png\",\"contentUrl\":\"https:\/\/metamorfica.info\/wp-content\/uploads\/2021\/03\/MetamoI\u0081rfica-Home.png\",\"width\":1064,\"height\":454,\"caption\":\"Carolina\"},\"logo\":{\"@id\":\"https:\/\/metamorfica.info\/#\/schema\/person\/image\/\"},\"description\":\"Educadora ambiental que descubri\u00f3 que ning\u00fan cambio es perdurable si no se inicia desde la coherencia entre pensamiento-palabra-emoci\u00f3n-accion.\",\"sameAs\":[\"http:\/\/www.metamorfica.info\",\"https:\/\/x.com\/Carolinametamorfica\"]}]}<\/script>\n<!-- \/ Yoast SEO plugin. -->","yoast_head_json":{"title":"Ante las puertas de un NUEVO PARADIGMA - Metam\u00f3rfica","robots":{"index":"index","follow":"follow","max-snippet":"max-snippet:-1","max-image-preview":"max-image-preview:large","max-video-preview":"max-video-preview:-1"},"canonical":"https:\/\/metamorfica.info\/index.php\/transicion-cultural\/","og_locale":"es_ES","og_type":"article","og_title":"Ante las puertas de un NUEVO PARADIGMA - Metam\u00f3rfica","og_description":"Venimos de un paradigma que ha quedado obsoleto, pues la idea dominante del mismo era que se pod\u00eda crecer infinitamente en un planeta finito. Actualmente [&hellip;]","og_url":"https:\/\/metamorfica.info\/index.php\/transicion-cultural\/","og_site_name":"Metam\u00f3rfica","article_modified_time":"2026-03-23T21:02:23+00:00","og_image":[{"width":500,"height":500,"url":"https:\/\/metamorfica.info\/wp-content\/uploads\/2025\/10\/anadir-un-subtituloPROPOSITO_20251024_140004_0000.png","type":"image\/png"}],"twitter_card":"summary_large_image","twitter_site":"@Carolinametamorfica","twitter_misc":{"Tiempo de lectura":"3 minutos"},"schema":{"@context":"https:\/\/schema.org","@graph":[{"@type":"WebPage","@id":"https:\/\/metamorfica.info\/index.php\/transicion-cultural\/","url":"https:\/\/metamorfica.info\/index.php\/transicion-cultural\/","name":"Ante las puertas de un NUEVO PARADIGMA - Metam\u00f3rfica","isPartOf":{"@id":"https:\/\/metamorfica.info\/#website"},"primaryImageOfPage":{"@id":"https:\/\/metamorfica.info\/index.php\/transicion-cultural\/#primaryimage"},"image":{"@id":"https:\/\/metamorfica.info\/index.php\/transicion-cultural\/#primaryimage"},"thumbnailUrl":"https:\/\/metamorfica.info\/wp-content\/uploads\/2025\/10\/anadir-un-subtituloPROPOSITO_20251024_140004_0000.png","datePublished":"2024-07-15T19:42:31+00:00","dateModified":"2026-03-23T21:02:23+00:00","breadcrumb":{"@id":"https:\/\/metamorfica.info\/index.php\/transicion-cultural\/#breadcrumb"},"inLanguage":"es","potentialAction":[{"@type":"ReadAction","target":["https:\/\/metamorfica.info\/index.php\/transicion-cultural\/"]}]},{"@type":"ImageObject","inLanguage":"es","@id":"https:\/\/metamorfica.info\/index.php\/transicion-cultural\/#primaryimage","url":"https:\/\/metamorfica.info\/wp-content\/uploads\/2025\/10\/anadir-un-subtituloPROPOSITO_20251024_140004_0000.png","contentUrl":"https:\/\/metamorfica.info\/wp-content\/uploads\/2025\/10\/anadir-un-subtituloPROPOSITO_20251024_140004_0000.png","width":500,"height":500},{"@type":"BreadcrumbList","@id":"https:\/\/metamorfica.info\/index.php\/transicion-cultural\/#breadcrumb","itemListElement":[{"@type":"ListItem","position":1,"name":"Portada","item":"https:\/\/metamorfica.info\/"},{"@type":"ListItem","position":2,"name":"Ante las puertas de un NUEVO PARADIGMA"}]},{"@type":"WebSite","@id":"https:\/\/metamorfica.info\/#website","url":"https:\/\/metamorfica.info\/","name":"Metam\u00f3rfica","description":"\u00bfSabremos adaptarnos a los cambios de nuestro planeta?","publisher":{"@id":"https:\/\/metamorfica.info\/#\/schema\/person\/80b1d759d3d5c01d4073b6a361fde0d4"},"potentialAction":[{"@type":"SearchAction","target":{"@type":"EntryPoint","urlTemplate":"https:\/\/metamorfica.info\/?s={search_term_string}"},"query-input":{"@type":"PropertyValueSpecification","valueRequired":true,"valueName":"search_term_string"}}],"inLanguage":"es"},{"@type":["Person","Organization"],"@id":"https:\/\/metamorfica.info\/#\/schema\/person\/80b1d759d3d5c01d4073b6a361fde0d4","name":"Carolina","image":{"@type":"ImageObject","inLanguage":"es","@id":"https:\/\/metamorfica.info\/#\/schema\/person\/image\/","url":"https:\/\/metamorfica.info\/wp-content\/uploads\/2021\/03\/MetamoI\u0081rfica-Home.png","contentUrl":"https:\/\/metamorfica.info\/wp-content\/uploads\/2021\/03\/MetamoI\u0081rfica-Home.png","width":1064,"height":454,"caption":"Carolina"},"logo":{"@id":"https:\/\/metamorfica.info\/#\/schema\/person\/image\/"},"description":"Educadora ambiental que descubri\u00f3 que ning\u00fan cambio es perdurable si no se inicia desde la coherencia entre pensamiento-palabra-emoci\u00f3n-accion.","sameAs":["http:\/\/www.metamorfica.info","https:\/\/x.com\/Carolinametamorfica"]}]}},"_links":{"self":[{"href":"https:\/\/metamorfica.info\/index.php\/wp-json\/wp\/v2\/pages\/6897","targetHints":{"allow":["GET"]}}],"collection":[{"href":"https:\/\/metamorfica.info\/index.php\/wp-json\/wp\/v2\/pages"}],"about":[{"href":"https:\/\/metamorfica.info\/index.php\/wp-json\/wp\/v2\/types\/page"}],"author":[{"embeddable":true,"href":"https:\/\/metamorfica.info\/index.php\/wp-json\/wp\/v2\/users\/2"}],"replies":[{"embeddable":true,"href":"https:\/\/metamorfica.info\/index.php\/wp-json\/wp\/v2\/comments?post=6897"}],"version-history":[{"count":50,"href":"https:\/\/metamorfica.info\/index.php\/wp-json\/wp\/v2\/pages\/6897\/revisions"}],"predecessor-version":[{"id":7340,"href":"https:\/\/metamorfica.info\/index.php\/wp-json\/wp\/v2\/pages\/6897\/revisions\/7340"}],"wp:attachment":[{"href":"https:\/\/metamorfica.info\/index.php\/wp-json\/wp\/v2\/media?parent=6897"}],"curies":[{"name":"wp","href":"https:\/\/api.w.org\/{rel}","templated":true}]}}