{"id":5354,"date":"2021-04-17T12:25:50","date_gmt":"2021-04-17T10:25:50","guid":{"rendered":"https:\/\/metamorfica.info\/?page_id=5354"},"modified":"2025-01-16T13:57:36","modified_gmt":"2025-01-16T12:57:36","slug":"mision","status":"publish","type":"page","link":"https:\/\/metamorfica.info\/index.php\/mision\/","title":{"rendered":"Mi l\u00ednea de trabajo"},"content":{"rendered":"\r\n<h2 class=\"has-large-font-size\" style=\"text-align: center;\"><strong>Mi principal objetivo es fomentar la ACCION en relaci\u00f3n a la problem\u00e1tica clim\u00e1tica, ecosist\u00e9mica y social ante la que nos encontramos.<\/strong><\/h2>\r\n\r\n\r\n\r\n<div class=\"wp-block-image is-style-rounded\">\r\n<figure class=\"aligncenter size-large is-resized\"><img loading=\"lazy\" decoding=\"async\" class=\"wp-image-6154 size-medium alignright\" src=\"https:\/\/metamorfica.info\/wp-content\/uploads\/2021\/09\/CHARLA-MATADERO-e1721206710285-300x297.jpg\" alt=\"\" width=\"300\" height=\"297\" srcset=\"https:\/\/metamorfica.info\/wp-content\/uploads\/2021\/09\/CHARLA-MATADERO-e1721206710285-300x297.jpg 300w, https:\/\/metamorfica.info\/wp-content\/uploads\/2021\/09\/CHARLA-MATADERO-e1721206710285-150x150.jpg 150w, https:\/\/metamorfica.info\/wp-content\/uploads\/2021\/09\/CHARLA-MATADERO-e1721206710285-768x760.jpg 768w, https:\/\/metamorfica.info\/wp-content\/uploads\/2021\/09\/CHARLA-MATADERO-e1721206710285.jpg 923w\" sizes=\"auto, (max-width: 300px) 100vw, 300px\" \/><\/figure>\r\n<\/div>\r\n\r\n\r\n\r\n<h3 style=\"text-align: center;\">Para ello es necesario comenzar con la creaci\u00f3n de <span style=\"color: #800080;\">espacios de reflexi\u00f3n y debate<\/span>, donde comprender las causas de la situaci\u00f3n clim\u00e1tica y ambiental en la que nos encontramos.\u00a0<\/h3>\r\n<h3 style=\"text-align: center;\">Esta reflexi\u00f3n nos lleva a plantearnos la <span style=\"color: #800080;\">estrecha correlaci\u00f3n<\/span> que existe entre c\u00f3mo nos relacionamos con los recursos naturales, con nosotros mismos y en nuestras relaciones personales.<\/h3>\r\n<p>&nbsp;<\/p>\r\n<h4 style=\"text-align: center;\"><span style=\"color: #1093c6;\">EL PLANETA ESTA CAMBIANDO Y CON EL LO HARA TAMBIEN NUESTRA <\/span><span style=\"color: #1093c6;\">FORMA DE ESTAR EN EL<br \/><\/span><\/h4>\r\n<p>Durante las actividades que realizo, acompa\u00f1o a las personas que participan a hacerse <strong>conscientes<\/strong> de los grandes retos que se nos presentan. Pero, lejos de caer en la negatividad o la pesadumbre, reconduzco la <strong>reflexi\u00f3n hacia el lado resolutivo y positivo.<\/strong> Ya que, s\u00f3lo se pueden alcanzar escenarios mejores si somos capaces de imaginarlos. Lo contrario lleva a la desesperaci\u00f3n y la inacci\u00f3n.<\/p>\r\n<p>Aprender conceptos como <strong>Greenwashing,<\/strong> qu\u00e9 son las <strong>falsas soluciones y c\u00f3mo detectarlas<\/strong> nos ayuda a empoderarnos como consumidores y ciudadanos, descubriendo las claves de por qu\u00e9 todo sigue igual y parece que \u00abnadie hace nada\u00bb. Una vez cada participante tiene esta informaci\u00f3n, elige qu\u00e9 hacer en adelante, pero lo que es cierto, es que ya no ver\u00e1n las cosas de igual manera, y la inacci\u00f3n se vuelve cada vez menos probable. Eso s\u00ed, <strong>cada cual debe encontrar su propia manera de actuar.<\/strong> Y ese es el camino que recorremos en la segunda parte de mis actividades, porque;<\/p>\r\n<p>&nbsp;<\/p>\r\n<h4 style=\"text-align: center;\"><span style=\"color: #7ec570;\"><strong>AUN ESTAMOS A TIEMPO DE CAMBIAR LAS COSAS DE VERDAD<\/strong><\/span><\/h4>\r\n<p>Conseguir cambiar nuestros<strong> h\u00e1bitos y costumbres, nuestras creencias y patrones<\/strong> es algo complejo, pero no imposible. La psicolog\u00eda, la ciencia y la sociolog\u00eda han ido desvel\u00e1ndonos c\u00f3mo se forman las culturas, como se transforman y adaptan a lo largo de la historia de la humanidad y muchas veces, como resultado de cambios medioambientales. \u00c9ste no es el primer cambio clim\u00e1tico que experimenta el Homo Sapiens, ni muchos de los descendientes con los que compartimos el planeta hace miles de a\u00f1os. La clave est\u00e1 en la <strong>ADAPTACION a los cambios.<\/strong> No s\u00f3lo gen\u00e9tica, sino tambi\u00e9n cultural. Esa es mi linea de trabajo, me centro en que nos replanteemos nuestras creencias y los valores que dan forma a un paradigma obsoleto, el de que podemos crecer infinitamente en un planeta finito. Dicha creencia est\u00e1 sustentada en un per\u00edodo hist\u00f3rico del ser humano y en un sistema econ\u00f3mico que le ha permitido desarrollarse hasta donde conocemos. Un desarrollo a costa del subdesarrollo de otras poblaciones en el sur global, de la explotaci\u00f3n de los recursos y la contaminaci\u00f3n.<\/p>\r\n<p>Dicho modelo ya no nos sirve. <strong>Es cuesti\u00f3n de tiempo entenderlo.<\/strong> Yo no tengo la respuesta del nuevo modelo. Surgir\u00e1 del cambio de valores y creencias que experimentemos como repuesta a la adaptaci\u00f3n cultural a los cambios clim\u00e1ticos que viviremos. <strong>Tenemos la oportunidad<\/strong> de ir creando un nuevo paradigma que nos permita transformarnos en una especie compatible con la vida en el planeta. Cuanto antes hagamos el cambio, mejor ser\u00e1 para las generaciones futuras.<\/p>\r\n<p>&nbsp;<\/p>\r\n<h3 style=\"text-align: center;\"><span style=\"color: #993366;\">\u00bfTE ATREVES A DAR ESTE PASO HACIA LO DESCONOCIDO?<\/span><\/h3>\r\n<p><strong>\r\n\r\n<\/strong><\/p>\r\n\r\n\r\n\r\n\r\n\r\n\r\n\r\n\r\n\r\n\r\n\r\n\r\n\r\n\r\n","protected":false},"excerpt":{"rendered":"<p>Mi principal objetivo es fomentar la ACCION en relaci\u00f3n a la problem\u00e1tica clim\u00e1tica, ecosist\u00e9mica y social ante la que nos encontramos. Para ello es necesario [&hellip;]<\/p>\n","protected":false},"author":2,"featured_media":0,"parent":0,"menu_order":0,"comment_status":"closed","ping_status":"closed","template":"","meta":{"_bbp_topic_count":0,"_bbp_reply_count":0,"_bbp_total_topic_count":0,"_bbp_total_reply_count":0,"_bbp_voice_count":0,"_bbp_anonymous_reply_count":0,"_bbp_topic_count_hidden":0,"_bbp_reply_count_hidden":0,"_bbp_forum_subforum_count":0,"footnotes":""},"class_list":["post-5354","page","type-page","status-publish","hentry"],"yoast_head":"<!-- This site is optimized with the Yoast SEO plugin v23.9 - https:\/\/yoast.com\/wordpress\/plugins\/seo\/ -->\n<title>Mi l\u00ednea de trabajo - Metam\u00f3rfica<\/title>\n<meta name=\"robots\" content=\"index, follow, max-snippet:-1, max-image-preview:large, max-video-preview:-1\" \/>\n<link rel=\"canonical\" href=\"https:\/\/metamorfica.info\/index.php\/mision\/\" \/>\n<meta property=\"og:locale\" content=\"es_ES\" \/>\n<meta property=\"og:type\" content=\"article\" \/>\n<meta property=\"og:title\" content=\"Mi l\u00ednea de trabajo - Metam\u00f3rfica\" \/>\n<meta property=\"og:description\" content=\"Mi principal objetivo es fomentar la ACCION en relaci\u00f3n a la problem\u00e1tica clim\u00e1tica, ecosist\u00e9mica y social ante la que nos encontramos. Para ello es necesario [&hellip;]\" \/>\n<meta property=\"og:url\" content=\"https:\/\/metamorfica.info\/index.php\/mision\/\" \/>\n<meta property=\"og:site_name\" content=\"Metam\u00f3rfica\" \/>\n<meta property=\"article:modified_time\" content=\"2025-01-16T12:57:36+00:00\" \/>\n<meta property=\"og:image\" content=\"https:\/\/metamorfica.info\/wp-content\/uploads\/2021\/09\/CHARLA-MATADERO-e1721206710285.jpg\" \/>\n\t<meta property=\"og:image:width\" content=\"923\" \/>\n\t<meta property=\"og:image:height\" content=\"913\" \/>\n\t<meta property=\"og:image:type\" content=\"image\/jpeg\" \/>\n<meta name=\"twitter:card\" content=\"summary_large_image\" \/>\n<meta name=\"twitter:site\" content=\"@Carolinametamorfica\" \/>\n<meta name=\"twitter:label1\" content=\"Tiempo de lectura\" \/>\n\t<meta name=\"twitter:data1\" content=\"3 minutos\" \/>\n<script type=\"application\/ld+json\" class=\"yoast-schema-graph\">{\"@context\":\"https:\/\/schema.org\",\"@graph\":[{\"@type\":\"WebPage\",\"@id\":\"https:\/\/metamorfica.info\/index.php\/mision\/\",\"url\":\"https:\/\/metamorfica.info\/index.php\/mision\/\",\"name\":\"Mi l\u00ednea de trabajo - Metam\u00f3rfica\",\"isPartOf\":{\"@id\":\"https:\/\/metamorfica.info\/#website\"},\"primaryImageOfPage\":{\"@id\":\"https:\/\/metamorfica.info\/index.php\/mision\/#primaryimage\"},\"image\":{\"@id\":\"https:\/\/metamorfica.info\/index.php\/mision\/#primaryimage\"},\"thumbnailUrl\":\"https:\/\/metamorfica.info\/wp-content\/uploads\/2021\/09\/CHARLA-MATADERO-e1721206710285-300x297.jpg\",\"datePublished\":\"2021-04-17T10:25:50+00:00\",\"dateModified\":\"2025-01-16T12:57:36+00:00\",\"breadcrumb\":{\"@id\":\"https:\/\/metamorfica.info\/index.php\/mision\/#breadcrumb\"},\"inLanguage\":\"es\",\"potentialAction\":[{\"@type\":\"ReadAction\",\"target\":[\"https:\/\/metamorfica.info\/index.php\/mision\/\"]}]},{\"@type\":\"ImageObject\",\"inLanguage\":\"es\",\"@id\":\"https:\/\/metamorfica.info\/index.php\/mision\/#primaryimage\",\"url\":\"https:\/\/metamorfica.info\/wp-content\/uploads\/2021\/09\/CHARLA-MATADERO-e1721206710285.jpg\",\"contentUrl\":\"https:\/\/metamorfica.info\/wp-content\/uploads\/2021\/09\/CHARLA-MATADERO-e1721206710285.jpg\",\"width\":923,\"height\":913},{\"@type\":\"BreadcrumbList\",\"@id\":\"https:\/\/metamorfica.info\/index.php\/mision\/#breadcrumb\",\"itemListElement\":[{\"@type\":\"ListItem\",\"position\":1,\"name\":\"Portada\",\"item\":\"https:\/\/metamorfica.info\/\"},{\"@type\":\"ListItem\",\"position\":2,\"name\":\"Mi l\u00ednea de trabajo\"}]},{\"@type\":\"WebSite\",\"@id\":\"https:\/\/metamorfica.info\/#website\",\"url\":\"https:\/\/metamorfica.info\/\",\"name\":\"Metam\u00f3rfica\",\"description\":\"\u00bfSabremos adaptarnos a los cambios de nuestro planeta?\",\"publisher\":{\"@id\":\"https:\/\/metamorfica.info\/#\/schema\/person\/80b1d759d3d5c01d4073b6a361fde0d4\"},\"potentialAction\":[{\"@type\":\"SearchAction\",\"target\":{\"@type\":\"EntryPoint\",\"urlTemplate\":\"https:\/\/metamorfica.info\/?s={search_term_string}\"},\"query-input\":{\"@type\":\"PropertyValueSpecification\",\"valueRequired\":true,\"valueName\":\"search_term_string\"}}],\"inLanguage\":\"es\"},{\"@type\":[\"Person\",\"Organization\"],\"@id\":\"https:\/\/metamorfica.info\/#\/schema\/person\/80b1d759d3d5c01d4073b6a361fde0d4\",\"name\":\"Carolina\",\"image\":{\"@type\":\"ImageObject\",\"inLanguage\":\"es\",\"@id\":\"https:\/\/metamorfica.info\/#\/schema\/person\/image\/\",\"url\":\"https:\/\/metamorfica.info\/wp-content\/uploads\/2021\/03\/MetamoI\u0081rfica-Home.png\",\"contentUrl\":\"https:\/\/metamorfica.info\/wp-content\/uploads\/2021\/03\/MetamoI\u0081rfica-Home.png\",\"width\":1064,\"height\":454,\"caption\":\"Carolina\"},\"logo\":{\"@id\":\"https:\/\/metamorfica.info\/#\/schema\/person\/image\/\"},\"description\":\"Educadora ambiental que descubri\u00f3 que ning\u00fan cambio es perdurable si no se inicia desde la coherencia entre pensamiento-palabra-emoci\u00f3n-accion.\",\"sameAs\":[\"http:\/\/www.metamorfica.info\",\"https:\/\/x.com\/Carolinametamorfica\"]}]}<\/script>\n<!-- \/ Yoast SEO plugin. -->","yoast_head_json":{"title":"Mi l\u00ednea de trabajo - Metam\u00f3rfica","robots":{"index":"index","follow":"follow","max-snippet":"max-snippet:-1","max-image-preview":"max-image-preview:large","max-video-preview":"max-video-preview:-1"},"canonical":"https:\/\/metamorfica.info\/index.php\/mision\/","og_locale":"es_ES","og_type":"article","og_title":"Mi l\u00ednea de trabajo - Metam\u00f3rfica","og_description":"Mi principal objetivo es fomentar la ACCION en relaci\u00f3n a la problem\u00e1tica clim\u00e1tica, ecosist\u00e9mica y social ante la que nos encontramos. Para ello es necesario [&hellip;]","og_url":"https:\/\/metamorfica.info\/index.php\/mision\/","og_site_name":"Metam\u00f3rfica","article_modified_time":"2025-01-16T12:57:36+00:00","og_image":[{"width":923,"height":913,"url":"https:\/\/metamorfica.info\/wp-content\/uploads\/2021\/09\/CHARLA-MATADERO-e1721206710285.jpg","type":"image\/jpeg"}],"twitter_card":"summary_large_image","twitter_site":"@Carolinametamorfica","twitter_misc":{"Tiempo de lectura":"3 minutos"},"schema":{"@context":"https:\/\/schema.org","@graph":[{"@type":"WebPage","@id":"https:\/\/metamorfica.info\/index.php\/mision\/","url":"https:\/\/metamorfica.info\/index.php\/mision\/","name":"Mi l\u00ednea de trabajo - Metam\u00f3rfica","isPartOf":{"@id":"https:\/\/metamorfica.info\/#website"},"primaryImageOfPage":{"@id":"https:\/\/metamorfica.info\/index.php\/mision\/#primaryimage"},"image":{"@id":"https:\/\/metamorfica.info\/index.php\/mision\/#primaryimage"},"thumbnailUrl":"https:\/\/metamorfica.info\/wp-content\/uploads\/2021\/09\/CHARLA-MATADERO-e1721206710285-300x297.jpg","datePublished":"2021-04-17T10:25:50+00:00","dateModified":"2025-01-16T12:57:36+00:00","breadcrumb":{"@id":"https:\/\/metamorfica.info\/index.php\/mision\/#breadcrumb"},"inLanguage":"es","potentialAction":[{"@type":"ReadAction","target":["https:\/\/metamorfica.info\/index.php\/mision\/"]}]},{"@type":"ImageObject","inLanguage":"es","@id":"https:\/\/metamorfica.info\/index.php\/mision\/#primaryimage","url":"https:\/\/metamorfica.info\/wp-content\/uploads\/2021\/09\/CHARLA-MATADERO-e1721206710285.jpg","contentUrl":"https:\/\/metamorfica.info\/wp-content\/uploads\/2021\/09\/CHARLA-MATADERO-e1721206710285.jpg","width":923,"height":913},{"@type":"BreadcrumbList","@id":"https:\/\/metamorfica.info\/index.php\/mision\/#breadcrumb","itemListElement":[{"@type":"ListItem","position":1,"name":"Portada","item":"https:\/\/metamorfica.info\/"},{"@type":"ListItem","position":2,"name":"Mi l\u00ednea de trabajo"}]},{"@type":"WebSite","@id":"https:\/\/metamorfica.info\/#website","url":"https:\/\/metamorfica.info\/","name":"Metam\u00f3rfica","description":"\u00bfSabremos adaptarnos a los cambios de nuestro planeta?","publisher":{"@id":"https:\/\/metamorfica.info\/#\/schema\/person\/80b1d759d3d5c01d4073b6a361fde0d4"},"potentialAction":[{"@type":"SearchAction","target":{"@type":"EntryPoint","urlTemplate":"https:\/\/metamorfica.info\/?s={search_term_string}"},"query-input":{"@type":"PropertyValueSpecification","valueRequired":true,"valueName":"search_term_string"}}],"inLanguage":"es"},{"@type":["Person","Organization"],"@id":"https:\/\/metamorfica.info\/#\/schema\/person\/80b1d759d3d5c01d4073b6a361fde0d4","name":"Carolina","image":{"@type":"ImageObject","inLanguage":"es","@id":"https:\/\/metamorfica.info\/#\/schema\/person\/image\/","url":"https:\/\/metamorfica.info\/wp-content\/uploads\/2021\/03\/MetamoI\u0081rfica-Home.png","contentUrl":"https:\/\/metamorfica.info\/wp-content\/uploads\/2021\/03\/MetamoI\u0081rfica-Home.png","width":1064,"height":454,"caption":"Carolina"},"logo":{"@id":"https:\/\/metamorfica.info\/#\/schema\/person\/image\/"},"description":"Educadora ambiental que descubri\u00f3 que ning\u00fan cambio es perdurable si no se inicia desde la coherencia entre pensamiento-palabra-emoci\u00f3n-accion.","sameAs":["http:\/\/www.metamorfica.info","https:\/\/x.com\/Carolinametamorfica"]}]}},"_links":{"self":[{"href":"https:\/\/metamorfica.info\/index.php\/wp-json\/wp\/v2\/pages\/5354","targetHints":{"allow":["GET"]}}],"collection":[{"href":"https:\/\/metamorfica.info\/index.php\/wp-json\/wp\/v2\/pages"}],"about":[{"href":"https:\/\/metamorfica.info\/index.php\/wp-json\/wp\/v2\/types\/page"}],"author":[{"embeddable":true,"href":"https:\/\/metamorfica.info\/index.php\/wp-json\/wp\/v2\/users\/2"}],"replies":[{"embeddable":true,"href":"https:\/\/metamorfica.info\/index.php\/wp-json\/wp\/v2\/comments?post=5354"}],"version-history":[{"count":94,"href":"https:\/\/metamorfica.info\/index.php\/wp-json\/wp\/v2\/pages\/5354\/revisions"}],"predecessor-version":[{"id":7053,"href":"https:\/\/metamorfica.info\/index.php\/wp-json\/wp\/v2\/pages\/5354\/revisions\/7053"}],"wp:attachment":[{"href":"https:\/\/metamorfica.info\/index.php\/wp-json\/wp\/v2\/media?parent=5354"}],"curies":[{"name":"wp","href":"https:\/\/api.w.org\/{rel}","templated":true}]}}